{"id":9,"date":"2012-03-04T17:11:13","date_gmt":"2012-03-04T17:11:13","guid":{"rendered":"http:\/\/www.huellaspuertollano.es\/?page_id=9"},"modified":"2023-12-09T16:23:14","modified_gmt":"2023-12-09T15:23:14","slug":"colabora","status":"publish","type":"page","link":"https:\/\/www.huellaspuertollano.es\/?page_id=9","title":{"rendered":"C\u00f3mo colaborar"},"content":{"rendered":"<p>Tu ayuda es bienvenida, realmente la necesitamos; \u00e9sta puede llegarnos por diversos caminos, escoge el que m\u00e1s se ajuste a tus posibilidades e intenciones:<\/p>\n<ul>\n<li><strong>Aportaciones econ\u00f3micas<\/strong>: ya sean puntuales o peri\u00f3dicas. Si lo prefieres, puedes <strong>hacerte Socio<\/strong> de nuestra Protectora; s\u00f3lo hay que rellenar <a href=\"https:\/\/www.huellaspuertollano.es\/?page_id=113\">este formulario<\/a><\/li>\n<\/ul>\n<blockquote>\n<h4>IBAN ES37 0081 7610 7300 0213 9822<\/h4>\n<h4>BIC \/ SWIFT BSABESBBXXX<\/h4>\n<\/blockquote>\n<ul>\n<li>Siendo<strong> Hogar de Acogida<\/strong>: para muchos perros, el albergue es un entorno hostil; son atacados o amedrentados por otros, algunos viven en cheniles permanentemente para evitar peleas; como en el caso humano,los m\u00e1s d\u00e9biles son aquellos que viven en peores condiciones \u00a1Ay\u00fadales! Ser hogar de acogida mientras no aparece una familia de adopci\u00f3n es una experiencia hermos\u00edsima, intensa y muy gratificante. Sigue <a href=\"https:\/\/www.huellaspuertollano.es\/?page_id=173\">este enlace<\/a> para convertirte en Hogar de Acogida de HUELLAS<\/li>\n<\/ul>\n<ul>\n<li><strong>Apadrina un perro<\/strong>: si no puedes ser su hogar de acogida ni adoptarlo, pero has notado algo en su mirada que lo distingue de los dem\u00e1s, puedes sufragar sus gastos de manutenci\u00f3n durante su estancia en el albergue. \u00c9l te recordar\u00e1 durante toda su vida. Si este es tu caso, <a href=\"https:\/\/www.huellaspuertollano.es\/?page_id=143\">rellena este formulario<\/a>.<\/li>\n<\/ul>\n<ul>\n<li>Hazte <strong>Voluntario<\/strong>: hay muchas tareas a realizar, toda la actividad de la Protectora se realiza gracias al voluntariado. Rellenando <a href=\"https:\/\/www.huellaspuertollano.es\/?page_id=2999\">este formulario<\/a> podr\u00e1s hacernos saber qu\u00e9 tipo de tarea se ajusta m\u00e1s a tus capacidades y posibilidades<\/li>\n<\/ul>\n<p>Hay muchas otras maneras de colaborar con nosotros, en la consecuci\u00f3n del objetivo principal, que es el de proporcionar una segunda oportunidad a animales maltratados y\/o abandonados: se trata de la toma de conciencia de nuestra sociedad. T\u00fa puedes colaborar, difundiendo nuestro mensaje a trav\u00e9s de tu ejemplo; en concreto:<\/p>\n<ul>\n<li>No compres animales: ad\u00f3ptalos<\/li>\n<\/ul>\n<ul>\n<li>Acoge temporalmente a animales heridos hasta que se recuperen, nosotros no podemos acudir siempre que nos llaman por tel\u00e9fono \u00a1solamente somos voluntarios! Si no puedes ser su hogar de acogida hasta que encontremos adoptante, qu\u00e9datelo al menos esa noche y si puedes al d\u00eda siguente lo subes al albergue<\/li>\n<\/ul>\n<ul>\n<li>Denuncia los casos de maltrato, abandono o negligencia<\/li>\n<\/ul>\n<blockquote>\n<h2>\u00a1Te necesitamos!<\/h2>\n<\/blockquote>\n","protected":false},"excerpt":{"rendered":"<p>Tu ayuda es bienvenida, realmente la necesitamos; \u00e9sta puede llegarnos por diversos caminos, escoge el que m\u00e1s se ajuste a tus posibilidades e intenciones: Aportaciones econ\u00f3micas: ya sean puntuales o peri\u00f3dicas. Si lo prefieres, puedes hacerte Socio de nuestra Protectora;&#8230;<br \/><a class=\"read-more-button\" href=\"https:\/\/www.huellaspuertollano.es\/?page_id=9\">Leer m\u00e1s<\/a><\/p>\n","protected":false},"author":1,"featured_media":0,"parent":0,"menu_order":0,"comment_status":"closed","ping_status":"closed","template":"","meta":{"footnotes":""},"class_list":["post-9","page","type-page","status-publish","hentry"],"_links":{"self":[{"href":"https:\/\/www.huellaspuertollano.es\/index.php?rest_route=\/wp\/v2\/pages\/9","targetHints":{"allow":["GET"]}}],"collection":[{"href":"https:\/\/www.huellaspuertollano.es\/index.php?rest_route=\/wp\/v2\/pages"}],"about":[{"href":"https:\/\/www.huellaspuertollano.es\/index.php?rest_route=\/wp\/v2\/types\/page"}],"author":[{"embeddable":true,"href":"https:\/\/www.huellaspuertollano.es\/index.php?rest_route=\/wp\/v2\/users\/1"}],"replies":[{"embeddable":true,"href":"https:\/\/www.huellaspuertollano.es\/index.php?rest_route=%2Fwp%2Fv2%2Fcomments&post=9"}],"version-history":[{"count":30,"href":"https:\/\/www.huellaspuertollano.es\/index.php?rest_route=\/wp\/v2\/pages\/9\/revisions"}],"predecessor-version":[{"id":56178,"href":"https:\/\/www.huellaspuertollano.es\/index.php?rest_route=\/wp\/v2\/pages\/9\/revisions\/56178"}],"wp:attachment":[{"href":"https:\/\/www.huellaspuertollano.es\/index.php?rest_route=%2Fwp%2Fv2%2Fmedia&parent=9"}],"curies":[{"name":"wp","href":"https:\/\/api.w.org\/{rel}","templated":true}]}}