{"id":6730,"date":"2013-02-27T21:07:45","date_gmt":"2013-02-27T20:07:45","guid":{"rendered":"http:\/\/www.huellaspuertollano.es\/?page_id=6730"},"modified":"2013-03-01T19:45:16","modified_gmt":"2013-03-01T18:45:16","slug":"que-hago-si","status":"publish","type":"page","link":"https:\/\/www.huellaspuertollano.es\/?page_id=6730","title":{"rendered":"Qu\u00e9 hago si&#8230;"},"content":{"rendered":"<p>Esto es lo que debemos hacer cada vez que nos encontremos ante las siguientes situaciones:<\/p>\n<blockquote>\n<h3>&#8230;encuentro un animal abandonado en Puertollano<\/h3>\n<\/blockquote>\n<p>HUELLAS <span style=\"text-decoration: underline;\">tiene la obligaci\u00f3n<\/span> de acoger en su Albergue a todo animal que se halle en situaci\u00f3n de abandono dentro del municipio de Puertollano.<\/p>\n<ul>\n<li>Entre las 9:00 y las 19:00: llamar al tel\u00e9fono del Albergue &#8211; 926 410 425 \/ 633278771<\/li>\n<li>A otras horas: llamar a la Polic\u00eda Municipal.<\/li>\n<\/ul>\n<p>Si el animal es d\u00f3cil, lo mejor es que nos hagamos cargo de \u00e9l y lo llevemos personalmente al Albergue, las dependencias de la Polic\u00eda Municipal o un centro veterinario, para <span style=\"text-decoration: underline;\">comprobar si el animal tiene chip<\/span> de forma que se pueda avisar a sus propietarios.<\/p>\n<blockquote>\n<h3>&#8230;encuentro un animal abandonado fuera de Puertollano<\/h3>\n<\/blockquote>\n<p>HUELLAS <span style=\"text-decoration: underline;\">tiene prohibido<\/span> acoger en su Albergue animales procedentes de otros municipios. En este caso, debemos avisar a la Polic\u00eda Municipal de donde nos hayamos encontrado el animal, o en su defecto, al SEPRONA de la Guardia Civil<\/p>\n<blockquote>\n<h3>&#8230;quiero deshacerme de mi mascota<\/h3>\n<\/blockquote>\n<p>Debido a la saturaci\u00f3n del Albergue, HUELLAS no puede ya recoger animales que tengan propietario. Sin embargo, podemos ayudar a buscarle un nuevo hogar difundiendo en nuestros medios (web, facebook) fotos y caracter\u00edsticas del animal, de forma gratuita<\/p>\n<p>Para usar este servicio, se deber\u00e1n cumplir los siguientes requisitos:<\/p>\n<ul>\n<li>Animal con chip, cartilla y vacunas al d\u00eda<\/li>\n<li>Fotocopia de la cartilla y DNI del propietario<\/li>\n<li>Rellenar y firmar un formulario indicando caracter\u00edsticas del animal, n\u00ba de chip, DNI del propietario<\/li>\n<\/ul>\n<blockquote>\n<h3>&#8230;asisto a un posible maltrato a un animal<\/h3>\n<\/blockquote>\n<p>Si eres testigo de alg\u00fan caso de abandono o malos tratos a un animal, debes denunciarlo a la Polic\u00eda Municipal del municipio en donde ocurran los hechos, o al SEPRONA de la Guardia Civil en su defecto<\/p>\n<p>Las denuncias pueden realizarse de forma an\u00f3nima. Es importante cualquier prueba para acreditar que se ha cometido o se est\u00e1 cometiendo un maltrato (fotos, testigos etc.).<\/p>\n<p>La protecci\u00f3n de los animales est\u00e1 en manos de todos. Cada vez es m\u00e1s amplio el n\u00famero de personas que son sensibles al sufrimiento de estos seres y es de esta forma como se puede ir avanzando. Todos debemos contribuir a que esto cambie y se tomen las medidas para evitar tanto sufrimiento innecesario, y ya que los animales no pueden hablar debemos actuar para protegerlos. Cada vez que un hecho hiera nuestra sensibilidad debemos ponerlo de manifiesto, denunciando ante autoridades, pero <span style=\"text-decoration: underline;\">nunca quedarnos de brazos cruzados<\/span><\/p>\n","protected":false},"excerpt":{"rendered":"<p>Esto es lo que debemos hacer cada vez que nos encontremos ante las siguientes situaciones: &#8230;encuentro un animal abandonado en Puertollano HUELLAS tiene la obligaci\u00f3n de acoger en su Albergue a todo animal que se halle en situaci\u00f3n de abandono&#8230;<br \/><a class=\"read-more-button\" href=\"https:\/\/www.huellaspuertollano.es\/?page_id=6730\">Leer m\u00e1s<\/a><\/p>\n","protected":false},"author":1,"featured_media":0,"parent":0,"menu_order":0,"comment_status":"open","ping_status":"closed","template":"","meta":{"footnotes":""},"class_list":["post-6730","page","type-page","status-publish","hentry"],"_links":{"self":[{"href":"https:\/\/www.huellaspuertollano.es\/index.php?rest_route=\/wp\/v2\/pages\/6730","targetHints":{"allow":["GET"]}}],"collection":[{"href":"https:\/\/www.huellaspuertollano.es\/index.php?rest_route=\/wp\/v2\/pages"}],"about":[{"href":"https:\/\/www.huellaspuertollano.es\/index.php?rest_route=\/wp\/v2\/types\/page"}],"author":[{"embeddable":true,"href":"https:\/\/www.huellaspuertollano.es\/index.php?rest_route=\/wp\/v2\/users\/1"}],"replies":[{"embeddable":true,"href":"https:\/\/www.huellaspuertollano.es\/index.php?rest_route=%2Fwp%2Fv2%2Fcomments&post=6730"}],"version-history":[{"count":11,"href":"https:\/\/www.huellaspuertollano.es\/index.php?rest_route=\/wp\/v2\/pages\/6730\/revisions"}],"predecessor-version":[{"id":6732,"href":"https:\/\/www.huellaspuertollano.es\/index.php?rest_route=\/wp\/v2\/pages\/6730\/revisions\/6732"}],"wp:attachment":[{"href":"https:\/\/www.huellaspuertollano.es\/index.php?rest_route=%2Fwp%2Fv2%2Fmedia&parent=6730"}],"curies":[{"name":"wp","href":"https:\/\/api.w.org\/{rel}","templated":true}]}}