{"id":4,"date":"2012-03-04T17:09:39","date_gmt":"2012-03-04T17:09:39","guid":{"rendered":"http:\/\/www.huellaspuertollano.es\/?page_id=4"},"modified":"2012-03-18T22:01:06","modified_gmt":"2012-03-18T21:01:06","slug":"quienes-somos","status":"publish","type":"page","link":"https:\/\/www.huellaspuertollano.es\/?page_id=4","title":{"rendered":"D\u00f3nde estamos"},"content":{"rendered":"<p>El albergue de la Protectora es la antigua perrera de Puertollano; est\u00e1 en la carretera de El Villar, al lado de la Depuradora de Agua<\/p>\n<p>Este mapa te ayudar\u00e1 a ubicarnos<\/p>\n<p><iframe loading=\"lazy\" width=\"640\" height=\"480\" frameborder=\"0\" scrolling=\"no\" marginheight=\"0\" marginwidth=\"0\" src=\"http:\/\/maps.google.com\/maps?g=CR-P-5031,+13500+Puertollano,+Espa%C3%B1a&amp;q=38.658052,-4.058787&amp;t=k&amp;ie=UTF8&amp;ll=38.658588,-4.058611&amp;spn=0.008043,0.013733&amp;z=16&amp;iwloc=near&amp;output=embed\"><\/iframe><br \/><small><a href=\"http:\/\/maps.google.com\/maps?g=CR-P-5031,+13500+Puertollano,+Espa%C3%B1a&amp;q=38.658052,-4.058787&amp;t=k&amp;ie=UTF8&amp;ll=38.658588,-4.058611&amp;spn=0.008043,0.013733&amp;z=16&amp;iwloc=near&amp;source=embed\" style=\"color:#0000FF;text-align:left\">Ver mapa m\u00e1s grande<\/a><\/small><\/p>\n","protected":false},"excerpt":{"rendered":"<p>El albergue de la Protectora es la antigua perrera de Puertollano; est\u00e1 en la carretera de El Villar, al lado de la Depuradora de Agua Este mapa te ayudar\u00e1 a ubicarnos Ver mapa m\u00e1s grande<\/p>\n","protected":false},"author":1,"featured_media":0,"parent":0,"menu_order":0,"comment_status":"closed","ping_status":"closed","template":"","meta":{"footnotes":""},"class_list":["post-4","page","type-page","status-publish","hentry"],"_links":{"self":[{"href":"https:\/\/www.huellaspuertollano.es\/index.php?rest_route=\/wp\/v2\/pages\/4","targetHints":{"allow":["GET"]}}],"collection":[{"href":"https:\/\/www.huellaspuertollano.es\/index.php?rest_route=\/wp\/v2\/pages"}],"about":[{"href":"https:\/\/www.huellaspuertollano.es\/index.php?rest_route=\/wp\/v2\/types\/page"}],"author":[{"embeddable":true,"href":"https:\/\/www.huellaspuertollano.es\/index.php?rest_route=\/wp\/v2\/users\/1"}],"replies":[{"embeddable":true,"href":"https:\/\/www.huellaspuertollano.es\/index.php?rest_route=%2Fwp%2Fv2%2Fcomments&post=4"}],"version-history":[{"count":10,"href":"https:\/\/www.huellaspuertollano.es\/index.php?rest_route=\/wp\/v2\/pages\/4\/revisions"}],"predecessor-version":[{"id":281,"href":"https:\/\/www.huellaspuertollano.es\/index.php?rest_route=\/wp\/v2\/pages\/4\/revisions\/281"}],"wp:attachment":[{"href":"https:\/\/www.huellaspuertollano.es\/index.php?rest_route=%2Fwp%2Fv2%2Fmedia&parent=4"}],"curies":[{"name":"wp","href":"https:\/\/api.w.org\/{rel}","templated":true}]}}