{"id":2999,"date":"2012-07-22T19:32:12","date_gmt":"2012-07-22T18:32:12","guid":{"rendered":"http:\/\/www.huellaspuertollano.es\/?page_id=2999"},"modified":"2024-11-07T22:49:49","modified_gmt":"2024-11-07T21:49:49","slug":"voluntario","status":"publish","type":"page","link":"https:\/\/www.huellaspuertollano.es\/?page_id=2999","title":{"rendered":"Voluntario"},"content":{"rendered":"<p><strong>VOLUNTARIADO EN LA PROTECTORA HUELLAS PUERTOLLANO<\/strong><\/p>\n<p><strong>\u00a0<\/strong>Nuestra labor se realiza\u00a0 gracias al voluntariado: en HUELLAS no hay ninguna persona a sueldo ni ning\u00fan soporte permanente por parte del Ayuntamiento en cuanto a mano de obra se refiere.<\/p>\n<p>La actividad a cargo de los voluntarios en el albergue de la Protectora consiste en:\u00a0 limpiar los boxes, hacer curas, repartir comida, como las mejoras de las instalaciones, el seguimiento de adopciones, su tramitaci\u00f3n, etc<\/p>\n<p><strong>\u00a01- \u00bfQu\u00e9 es un voluntario?<\/strong><\/p>\n<p>Un voluntario es la persona que por elecci\u00f3n propia decide dedicar una parte de su tiempo y esfuerzo a una acci\u00f3n solidaria y altruista, en nuestro caso el cuidado, en los todos los sentidos, de nuestro perros y gatos.<\/p>\n<p><strong>2- Por qu\u00e9 hacerme voluntario<\/strong><\/p>\n<p>Ser voluntario te permitir\u00e1 adquirir nuevos conocimientos y habilidades, as\u00ed como desarrollar las ya existentes. Adem\u00e1s de poder estar en contacto con personas que comparten tus inquietudes y entusiasmo, lo m\u00e1s importante es que marcar\u00e1s una diferencia salvando vidas y ayudando a dar a los animales una segunda oportunidad.<\/p>\n<p><strong>3- Objetivos y tareas<\/strong> <strong>en el Albergue<\/strong><\/p>\n<p>Estos son los perfiles de voluntario que necesitamos, seguro que alguno se ajusta a tus preferencias y posibilidades en cuanto a tiempo libre:<\/p>\n<ul>\n<li><strong>Trabajos en el Albergue:<\/strong> es un conjunto de tareas que hay que hacer a diario, en donde m\u00e1s falta nos hacen las manos. Requiere alto contacto con los animales, los primeros d\u00edas ser\u00e1n los m\u00e1s dif\u00edciles (pero luego llega a echarse de menos), siempre habr\u00e1 alguien a tu lado para guiarte al principio. Las tareas principales son:<\/li>\n<\/ul>\n<ul>\n<li style=\"list-style-type: none;\">\n<ul>\n<li>Limpieza de instalaciones y reparto de comida, respetando los protocolos que te indicar\u00e1 alg\u00fan voluntario experto, para evitar peleas en ambas tareas<\/li>\n<li>Curas y tratamientos veterinarios: administrar comprimidos, inyecciones, limpiar heridas\u2026siempre bajo la tutela de alg\u00fan voluntario experto<\/li>\n<li>Mantenimiento de las instalaciones: alba\u00f1iler\u00eda, fontaner\u00eda, electricidad\u2026uno de nuestros m\u00e1s brillantes voluntarios ejerce de oficial de todo lo imaginable, siempre tenemos mejoras pendientes que no se pueden acometer por falta de manos \u00a1las tuyas ser\u00e1n bienvenidas<\/li>\n<\/ul>\n<\/li>\n<\/ul>\n<ul>\n<li><strong>Transporte de animales<\/strong>: requiere carnet de conducir y algo de contacto con los animales, pero no tanto como los trabajos en el albergue. Consiste en llevar animales en nuestro furg\u00f3n, en alguno de los trayectos siguientes:<\/li>\n<\/ul>\n<ul>\n<li style=\"list-style-type: none;\">\n<ul>\n<li>Recogidos de la calle al Albergue<\/li>\n<li>Del Albergue al veterinario (visitas para consulta o seguimiento)<\/li>\n<li>Del Albergue a los hogares de acogida y\/o adopci\u00f3n<\/li>\n<li>Del Albergue a alg\u00fan punto de transporte internacional (Barajas, el albergue de otra asociaci\u00f3n en Espa\u00f1a) \u2013 estos viajes son espor\u00e1dicos de medio d\u00eda de duraci\u00f3n ida y vuelta<\/li>\n<\/ul>\n<\/li>\n<\/ul>\n<ul>\n<li><strong>Tramitaci\u00f3n y seguimiento de adopciones<\/strong>: cada vez que se recibe una solicitud de adopci\u00f3n, hay que ponerse en contacto con la familia, hacer una visita de pre-adopci\u00f3n para verificar las condiciones del hogar candidato, o solicitar esa visita a alguna asociaci\u00f3n de fuera de Puertollano, si la familia vive fuera de la comarca. En caso de que todo sea favorable, hay que llevar al perro al veterinario a cumplimentar su protocolo, y en su caso, organizar o tramitar su transporte. Tras la adopci\u00f3n, se hace post-seguimiento para verificar su estado, si se ha esterilizado o no, etc. Requiere capacidad de trabajo en equipo y algo de contacto con los animales, pero se puede realizar casi \u00edntegramente desde casa.<\/li>\n<\/ul>\n<p><strong>4 &#8211; Requisitos b\u00e1sicos<\/strong><\/p>\n<ul>\n<li>Ser mayor de 18 a\u00f1os<\/li>\n<\/ul>\n<ul>\n<li>Los menores de 18 a\u00f1os y mayores de 16 tienen que aportar una autorizaci\u00f3n de sus padres o tutores. Los menores de 16 a\u00f1os tienen que venir acompa\u00f1ados de una persona que se har\u00e1 responsable de los mismos. En todos los casos se firmar\u00e1 un <strong>contrato de voluntario (menores de 16 el adulto que le acompa\u00f1a)<\/strong>.<\/li>\n<\/ul>\n<ul>\n<li>Contar con un elevado sentido de la responsabilidad y del compromiso<\/li>\n<\/ul>\n<p><strong>5- Si deseas acceder de forma temporal o espor\u00e1dica <\/strong><\/p>\n<p>Si quieres aprovechar unos d\u00edas de vacaciones en los que no tienes planes, o simplemente ves que puedes echar una mano en ratos libres, rellena el formulario de m\u00e1s abajo y nos pondremos en contacto contigo (preferiblemente por e-mail)<\/p>\n<p>Si solamente quieres ir un d\u00eda, rellena el formulario de <a href=\"https:\/\/www.huellaspuertollano.es\/?page_id=21137\">este enlace<\/a><\/p>\n<p><strong>5- C\u00f3mo hacerte Voluntario Activo<\/strong><\/p>\n<p>Si quieres ser voluntario de forma permanente (Voluntario Activo) debes cumplir con\u00a0los siguientes\u00a0requisitos b\u00e1sicos<\/p>\n<ul>\n<li>Tiempo y Continuidad: El voluntariado activo es una actividad que requiere de cierta dedicaci\u00f3n de manera continua. Una vez que hayas ingresado como voluntario activo, deber\u00e1s demostrar disposici\u00f3n y disponibilidad, en caso contrario se te dar\u00e1 de baja como Voluntario Activo. El tiempo m\u00ednimo requerido para desarrollar la actividad como voluntario activo es de unas horas 1 d\u00eda a la semana.<\/li>\n<li>Conocer y aceptar las normas de funcionamiento y m\u00e9todos de trabajo de la Protectora Huellas Puertollano \u00a0(Es una asociaci\u00f3n de car\u00e1cter privado por lo que se reserva el derecho de admisi\u00f3n y expulsi\u00f3n de los voluntarios).<\/li>\n<li>Conocer y aceptar los deberes y derechos de los voluntarios.<\/li>\n<li>Firma del contrato de voluntariado.<\/li>\n<\/ul>\n<p>Si deseas contactar con nosotros para\u00a0<strong>hacerte voluntario<\/strong> o si tienes alguna duda, por favor env\u00edanos un correo electr\u00f3nico a \u00a0huellas.puertollano@gmail.com<\/p>\n<div role=\"form\" class=\"wpcf7\" id=\"wpcf7-f2998-o1\" lang=\"en-US\" dir=\"ltr\">\n<div class=\"screen-reader-response\"><\/div>\n<form action=\"\/index.php?rest_route=%2Fwp%2Fv2%2Fpages%2F2999#wpcf7-f2998-o1\" method=\"post\" class=\"wpcf7-form\" novalidate=\"novalidate\">\n<div style=\"display: none;\">\n<input type=\"hidden\" name=\"_wpcf7\" value=\"2998\" \/>\n<input type=\"hidden\" name=\"_wpcf7_version\" value=\"5.1.7\" \/>\n<input type=\"hidden\" name=\"_wpcf7_locale\" value=\"en_US\" \/>\n<input type=\"hidden\" name=\"_wpcf7_unit_tag\" value=\"wpcf7-f2998-o1\" \/>\n<input type=\"hidden\" name=\"_wpcf7_container_post\" value=\"0\" \/>\n<\/div>\n<h2> Datos personales <\/h2>\n<table>\n<tr>\n<td> Nombre y Apellidos <\/td>\n<td> <span class=\"wpcf7-form-control-wrap text-578\"><input type=\"text\" name=\"text-578\" value=\"\" size=\"40\" class=\"wpcf7-form-control wpcf7-text wpcf7-validates-as-required\" aria-required=\"true\" aria-invalid=\"false\" \/><\/span><\/td>\n<\/tr>\n<tr>\n<td> E-mail <\/td>\n<td> <span class=\"wpcf7-form-control-wrap email-155\"><input type=\"email\" name=\"email-155\" value=\"\" size=\"40\" class=\"wpcf7-form-control wpcf7-text wpcf7-email wpcf7-validates-as-required wpcf7-validates-as-email\" aria-required=\"true\" aria-invalid=\"false\" \/><\/span><\/td>\n<\/tr>\n<tr>\n<td> Perfil Facebook <\/td>\n<td> <span class=\"wpcf7-form-control-wrap text-24\"><input type=\"text\" name=\"text-24\" value=\"\" size=\"40\" class=\"wpcf7-form-control wpcf7-text\" aria-invalid=\"false\" \/><\/span><\/td>\n<\/tr>\n<tr>\n<td> Direcci\u00f3n <\/td>\n<td> <span class=\"wpcf7-form-control-wrap textarea-128\"><textarea name=\"textarea-128\" cols=\"35\" rows=\"4\" class=\"wpcf7-form-control wpcf7-textarea\" aria-invalid=\"false\"><\/textarea><\/span><\/td>\n<\/tr>\n<tr>\n<td> Tel\u00e9fono <\/td>\n<td> <span class=\"wpcf7-form-control-wrap text-962\"><input type=\"text\" name=\"text-962\" value=\"\" size=\"40\" maxlength=\"9\" class=\"wpcf7-form-control wpcf7-text wpcf7-validates-as-required\" aria-required=\"true\" aria-invalid=\"false\" \/><\/span><\/td>\n<\/tr>\n<tr>\n<td> A\u00f1o de nacimiento <\/td>\n<td> <span class=\"wpcf7-form-control-wrap text-329\"><input type=\"text\" name=\"text-329\" value=\"\" size=\"40\" maxlength=\"4\" class=\"wpcf7-form-control wpcf7-text wpcf7-validates-as-required\" aria-required=\"true\" aria-invalid=\"false\" \/><\/span><\/td>\n<\/tr>\n<tr>\n<td> Carnet de conducir <\/td>\n<td><span class=\"wpcf7-form-control-wrap radio-727\"><span class=\"wpcf7-form-control wpcf7-radio\"><span class=\"wpcf7-list-item first\"><label><input type=\"radio\" name=\"radio-727\" value=\"Si\" \/><span class=\"wpcf7-list-item-label\">Si<\/span><\/label><\/span><span class=\"wpcf7-list-item last\"><label><input type=\"radio\" name=\"radio-727\" value=\"No\" \/><span class=\"wpcf7-list-item-label\">No<\/span><\/label><\/span><\/span><\/span> <\/td>\n<\/tr>\n<\/table>\n<h2> Tipo de voluntariado <\/h2>\n<table>\n<tr>\n<td>\n<span class=\"wpcf7-form-control-wrap checkbox-537\"><span class=\"wpcf7-form-control  wpcf7-checkbox\"><br \/>\n  <span class=\"wpcf7-list-item\"><input type=\"checkbox\" name=\"checkbox-537[]\" value=\"Albergue - Limpieza y reparto de comida\" \/><span class=\"wpcf7-list-item-label\">Albergue - Limpieza y reparto de comida<\/span><\/span><br \/>\n  <span class=\"wpcf7-list-item\"><input type=\"checkbox\" name=\"checkbox-537[]\" value=\"Albergue - Curas y medicaciones \/><span class=\"wpcf7-list-item-label\">Albergue - Curas y medicaciones<\/span><\/span><br \/>\n  <span class=\"wpcf7-list-item\"><input type=\"checkbox\" name=\"checkbox-537[]\" value=\"Albergue - Mantenimiento\" \/><span class=\"wpcf7-list-item-label\">Albergue - Mantenimiento<\/span><\/span><br \/>\n  <span class=\"wpcf7-list-item\"><input type=\"checkbox\" name=\"checkbox-537[]\" value=\"Albergue - Paseo de perros\" \/><span class=\"wpcf7-list-item-label\">Albergue - Paseo de perros<\/span><\/span><br \/>\n<\/span><\/span>\n<\/td>\n<td>\n<span class=\"wpcf7-form-control-wrap checkbox-173\"><span class=\"wpcf7-form-control  wpcf7-checkbox\"><br \/>\n  <span class=\"wpcf7-list-item\"><input type=\"checkbox\" name=\"checkbox-173[]\" value=\"Tramitaci\u00f3n y seguimiento de Adopciones\" \/><span class=\"wpcf7-list-item-label\">Tramitaci\u00f3n y seguimiento de Adopciones<\/span><\/span><br \/>\n  <span class=\"wpcf7-list-item\"><input type=\"checkbox\" name=\"checkbox-173[]\" value=\"Transporte de animales\" \/><span class=\"wpcf7-list-item-label\">Transporte de animales<\/span><\/span><br \/>\n  <span class=\"wpcf7-list-item\"><input type=\"checkbox\" name=\"checkbox-173[]\" value=\"Artesan\u00eda\" \/><span class=\"wpcf7-list-item-label\">Artesan\u00eda<\/span><\/span><br \/>\n<\/span><\/span>\n<\/td>\n<\/tr>\n<\/table>\n<h2> Disponibilidad <\/h2>\n<table>\n<tr>\n<td> <strong>Lunes <\/strong><\/td>\n<td> <strong>Martes <\/strong><\/td>\n<td> <strong>Mi\u00e9rcoles <\/strong><\/td>\n<td> <strong>Jueves <\/strong><\/td>\n<td> <strong>Viernes <\/strong><\/td>\n<td> <strong>S\u00e1bado <\/strong><\/td>\n<td> <strong>Domingo <\/strong><\/td>\n<\/tr>\n<tr>\n<td>\n<span class=\"wpcf7-form-control-wrap checkbox-590\"><span class=\"wpcf7-form-control  wpcf7-checkbox\"><br \/>\n  <span class=\"wpcf7-list-item\"><input type=\"checkbox\" name=\"checkbox-590[]\" value=\"no\" \/><span class=\"wpcf7-list-item-label\">(no)<\/span><\/span><br \/>\n  <span class=\"wpcf7-list-item\"><input type=\"checkbox\" name=\"checkbox-590[]\" value=\"am\" \/><span class=\"wpcf7-list-item-label\">Ma\u00f1ana<\/span><\/span><br \/>\n  <span class=\"wpcf7-list-item\"><input type=\"checkbox\" name=\"checkbox-590[]\" value=\"pm\" \/><span class=\"wpcf7-list-item-label\">Tarde<\/span><\/span><br \/>\n<\/span><\/span>\n<\/td>\n<td>\n<span class=\"wpcf7-form-control-wrap checkbox-485\"><span class=\"wpcf7-form-control  wpcf7-checkbox\"><br \/>\n  <span class=\"wpcf7-list-item\"><input type=\"checkbox\" name=\"checkbox-485[]\" value=\"no\" \/><span class=\"wpcf7-list-item-label\">(no)<\/span><\/span><br \/>\n  <span class=\"wpcf7-list-item\"><input type=\"checkbox\" name=\"checkbox-485[]\" value=\"am\" \/><span class=\"wpcf7-list-item-label\">Ma\u00f1ana<\/span><\/span><br \/>\n  <span class=\"wpcf7-list-item\"><input type=\"checkbox\" name=\"checkbox-485[]\" value=\"pm\" \/><span class=\"wpcf7-list-item-label\">Tarde<\/span><\/span><br \/>\n<\/span><\/span>\n<\/td>\n<td>\n<span class=\"wpcf7-form-control-wrap checkbox-585\"><span class=\"wpcf7-form-control  wpcf7-checkbox\"><br \/>\n  <span class=\"wpcf7-list-item\"><input type=\"checkbox\" name=\"checkbox-585[]\" value=\"no\" \/><span class=\"wpcf7-list-item-label\">(no)<\/span><\/span><br \/>\n  <span class=\"wpcf7-list-item\"><input type=\"checkbox\" name=\"checkbox-585[]\" value=\"am\" \/><span class=\"wpcf7-list-item-label\">Ma\u00f1ana<\/span><\/span><br \/>\n  <span class=\"wpcf7-list-item\"><input type=\"checkbox\" name=\"checkbox-585[]\" value=\"pm\" \/><span class=\"wpcf7-list-item-label\">Tarde<\/span><\/span><br \/>\n<\/span><\/span>\n<\/td>\n<td>\n<span class=\"wpcf7-form-control-wrap checkbox-641\"><span class=\"wpcf7-form-control  wpcf7-checkbox\"><br \/>\n  <span class=\"wpcf7-list-item\"><input type=\"checkbox\" name=\"checkbox-641[]\" value=\"no\" \/><span class=\"wpcf7-list-item-label\">(no)<\/span><\/span><br \/>\n  <span class=\"wpcf7-list-item\"><input type=\"checkbox\" name=\"checkbox-641[]\" value=\"am\" \/><span class=\"wpcf7-list-item-label\">Ma\u00f1ana<\/span><\/span><br \/>\n  <span class=\"wpcf7-list-item\"><input type=\"checkbox\" name=\"checkbox-641[]\" value=\"pm\" \/><span class=\"wpcf7-list-item-label\">Tarde<\/span><\/span><br \/>\n<\/span><\/span>\n<\/td>\n<td>\n<span class=\"wpcf7-form-control-wrap checkbox-675\"><span class=\"wpcf7-form-control  wpcf7-checkbox\"><br \/>\n  <span class=\"wpcf7-list-item\"><input type=\"checkbox\" name=\"checkbox-675[]\" value=\"no\" \/><span class=\"wpcf7-list-item-label\">(no)<\/span><\/span><br \/>\n  <span class=\"wpcf7-list-item\"><input type=\"checkbox\" name=\"checkbox-675[]\" value=\"am\" \/><span class=\"wpcf7-list-item-label\">Ma\u00f1ana<\/span><\/span><br \/>\n  <span class=\"wpcf7-list-item\"><input type=\"checkbox\" name=\"checkbox-675[]\" value=\"pm\" \/><span class=\"wpcf7-list-item-label\">Tarde<\/span><\/span><br \/>\n<\/span><\/span>\n<\/td>\n<td>\n<span class=\"wpcf7-form-control-wrap checkbox-472\"><span class=\"wpcf7-form-control  wpcf7-checkbox\"><br \/>\n  <span class=\"wpcf7-list-item\"><input type=\"checkbox\" name=\"checkbox-472[]\" value=\"no\" \/><span class=\"wpcf7-list-item-label\">(no)<\/span><\/span><br \/>\n  <span class=\"wpcf7-list-item\"><input type=\"checkbox\" name=\"checkbox-472[]\" value=\"am\" \/><span class=\"wpcf7-list-item-label\">Ma\u00f1ana<\/span><\/span><br \/>\n  <span class=\"wpcf7-list-item\"><input type=\"checkbox\" name=\"checkbox-472[]\" value=\"pm\" \/><span class=\"wpcf7-list-item-label\">Tarde<\/span><\/span><br \/>\n<\/span><\/span>\n<\/td>\n<td>\n<span class=\"wpcf7-form-control-wrap checkbox-714\"><span class=\"wpcf7-form-control  wpcf7-checkbox\"><br \/>\n  <span class=\"wpcf7-list-item\"><input type=\"checkbox\" name=\"checkbox-714[]\" value=\"no\" \/><span class=\"wpcf7-list-item-label\">(no)<\/span><\/span><br \/>\n  <span class=\"wpcf7-list-item\"><input type=\"checkbox\" name=\"checkbox-714[]\" value=\"am\" \/><span class=\"wpcf7-list-item-label\">Ma\u00f1ana<\/span><\/span><br \/>\n  <span class=\"wpcf7-list-item\"><input type=\"checkbox\" name=\"checkbox-714[]\" value=\"pm\" \/><span class=\"wpcf7-list-item-label\">Tarde<\/span><\/span><br \/>\n<\/span><\/span>\n<\/td>\n<\/tr>\n<\/table>\n<h2> Informaci\u00f3n adicional <\/h2>\n<table>\n<tr>\n<td> Experiencia como voluntario\/a<\/td>\n<td> <span class=\"wpcf7-form-control-wrap textarea-994\"><textarea name=\"textarea-994\" cols=\"35\" rows=\"4\" class=\"wpcf7-form-control wpcf7-textarea\" aria-invalid=\"false\"><\/textarea><\/span> <\/td>\n<\/tr>\n<tr>\n<td> Datos de inter\u00e9s <\/td>\n<td><span class=\"wpcf7-form-control-wrap textarea-705\"><textarea name=\"textarea-705\" cols=\"35\" rows=\"4\" class=\"wpcf7-form-control wpcf7-textarea\" aria-invalid=\"false\"><\/textarea><\/span>  <\/td>\n<\/tr>\n<table>\n<tr>\n  <\/tr>\n<tr>\n<td>Teclea el texto<\/td>\n<td><input type=\"hidden\" name=\"_wpcf7_captcha_challenge_captcha-47\" value=\"913198881\" \/><img loading=\"lazy\" decoding=\"async\" class=\"wpcf7-form-control wpcf7-captchac wpcf7-captcha-captcha-47\" width=\"60\" height=\"20\" alt=\"captcha\" src=\"https:\/\/www.huellaspuertollano.es\/wp-content\/uploads\/wpcf7_captcha\/913198881.png\" \/><span class=\"wpcf7-form-control-wrap captcha-47\"><input type=\"text\" name=\"captcha-47\" value=\"\" size=\"4\" maxlength=\"4\" class=\"wpcf7-form-control wpcf7-captchar\" autocomplete=\"off\" aria-invalid=\"false\" \/><\/span><\/td>\n<\/tr>\n<\/table>\n<p><center><input type=\"submit\" value=\"Enviar\" class=\"wpcf7-form-control wpcf7-submit\" \/><\/center><\/p>\n<p style=\"display: none !important;\" class=\"akismet-fields-container\" data-prefix=\"_wpcf7_ak_\"><label>&#916;<textarea name=\"_wpcf7_ak_hp_textarea\" cols=\"45\" rows=\"8\" maxlength=\"100\"><\/textarea><\/label><input type=\"hidden\" id=\"ak_js_1\" name=\"_wpcf7_ak_js\" value=\"40\"\/><script>document.getElementById( \"ak_js_1\" ).setAttribute( \"value\", ( new Date() ).getTime() );<\/script><\/p><div class=\"wpcf7-response-output wpcf7-display-none\"><\/div><\/form><\/div>\n","protected":false},"excerpt":{"rendered":"<p>VOLUNTARIADO EN LA PROTECTORA HUELLAS PUERTOLLANO \u00a0Nuestra labor se realiza\u00a0 gracias al voluntariado: en HUELLAS no hay ninguna persona a sueldo ni ning\u00fan soporte permanente por parte del Ayuntamiento en cuanto a mano de obra se refiere. La actividad a&#8230;<br \/><a class=\"read-more-button\" href=\"https:\/\/www.huellaspuertollano.es\/?page_id=2999\">Leer m\u00e1s<\/a><\/p>\n","protected":false},"author":1,"featured_media":0,"parent":0,"menu_order":0,"comment_status":"closed","ping_status":"closed","template":"","meta":{"footnotes":""},"class_list":["post-2999","page","type-page","status-publish","hentry"],"_links":{"self":[{"href":"https:\/\/www.huellaspuertollano.es\/index.php?rest_route=\/wp\/v2\/pages\/2999","targetHints":{"allow":["GET"]}}],"collection":[{"href":"https:\/\/www.huellaspuertollano.es\/index.php?rest_route=\/wp\/v2\/pages"}],"about":[{"href":"https:\/\/www.huellaspuertollano.es\/index.php?rest_route=\/wp\/v2\/types\/page"}],"author":[{"embeddable":true,"href":"https:\/\/www.huellaspuertollano.es\/index.php?rest_route=\/wp\/v2\/users\/1"}],"replies":[{"embeddable":true,"href":"https:\/\/www.huellaspuertollano.es\/index.php?rest_route=%2Fwp%2Fv2%2Fcomments&post=2999"}],"version-history":[{"count":29,"href":"https:\/\/www.huellaspuertollano.es\/index.php?rest_route=\/wp\/v2\/pages\/2999\/revisions"}],"predecessor-version":[{"id":60470,"href":"https:\/\/www.huellaspuertollano.es\/index.php?rest_route=\/wp\/v2\/pages\/2999\/revisions\/60470"}],"wp:attachment":[{"href":"https:\/\/www.huellaspuertollano.es\/index.php?rest_route=%2Fwp%2Fv2%2Fmedia&parent=2999"}],"curies":[{"name":"wp","href":"https:\/\/api.w.org\/{rel}","templated":true}]}}