{"id":27318,"date":"2018-05-01T17:16:21","date_gmt":"2018-05-01T16:16:21","guid":{"rendered":"http:\/\/www.huellaspuertollano.es\/?page_id=27318"},"modified":"2019-12-29T19:28:51","modified_gmt":"2019-12-29T18:28:51","slug":"uso-de-la-imagen-de-menores-de-edad","status":"publish","type":"page","link":"https:\/\/www.huellaspuertollano.es\/?page_id=27318","title":{"rendered":"Autorizaciones a menores de edad"},"content":{"rendered":"<p>Muchas solicitudes de Voluntario que recibimos, corresponden a j\u00f3venes que no solo muestran un gran entusiasmo y ganas de trabajar duro, sino que suponen esa savia fresca que toda organizaci\u00f3n necesita para asegurar su supervivencia.<\/p>\n<p>Sin embargo, muchos de esos j\u00f3venes son a\u00fan menores de edad, y por ello tenemos que prestar especial atenci\u00f3n a su cobertura legal y de las p\u00f3lizas de seguros que cubren nuestra actividad. Por ello, necesitamos que las solicitudes de Voluntario vengan acompa\u00f1adas de una autorizaci\u00f3n por parte de sus padres o tutores legales<\/p>\n<p><a href=\"https:\/\/www.huellaspuertollano.es\/wp-content\/uploads\/2018\/05\/Autorizacion_Voluntario_Menores.pdf\" target=\"_blank\" rel=\"noopener noreferrer\">Enlace a Documento &#8211; Voluntariado de Menores<\/a><\/p>\n<p>En las actividades de la Protectora, a menudo se generan fotos y videos en los que aparecen menores de edad en su actividad como Voluntarios, que ha sido debidamente autorizada por sus padres o responsables legales.<\/p>\n<p>En este enlace se puede descargar un documento que regula el uso de la imagen de estos menores en los documentos gr\u00e1ficos que genera la Protectora como parte de su actividad.<\/p>\n<p><a href=\"https:\/\/www.huellaspuertollano.es\/wp-content\/uploads\/2018\/05\/Autorizacion_Imagen_Menores.pdf\" target=\"_blank\" rel=\"noopener noreferrer\">Enlace a Documento &#8211; Imagen de Menores<\/a><\/p>\n<p>Solicitaremos a los padres y\/o tutores de los menores que autoricen su actividad como voluntarios, descargando estos documento, rellen\u00e1ndolos y firm\u00e1ndolos de su pu\u00f1o y letra, y nos los hagan llegar bien escaneados a nuestro e-mail huellas.puertollano@gmail.com o por correo ordinario a nuestra sede (C\/ Vel\u00e1zquez 2 bajo, 13500 Puertollano &#8211; CIUDAD REAL)<\/p>\n<p>&nbsp;<\/p>\n","protected":false},"excerpt":{"rendered":"<p>Muchas solicitudes de Voluntario que recibimos, corresponden a j\u00f3venes que no solo muestran un gran entusiasmo y ganas de trabajar duro, sino que suponen esa savia fresca que toda organizaci\u00f3n necesita para asegurar su supervivencia. Sin embargo, muchos de esos&#8230;<br \/><a class=\"read-more-button\" href=\"https:\/\/www.huellaspuertollano.es\/?page_id=27318\">Leer m\u00e1s<\/a><\/p>\n","protected":false},"author":1,"featured_media":0,"parent":0,"menu_order":0,"comment_status":"open","ping_status":"open","template":"","meta":{"footnotes":""},"class_list":["post-27318","page","type-page","status-publish","hentry"],"_links":{"self":[{"href":"https:\/\/www.huellaspuertollano.es\/index.php?rest_route=\/wp\/v2\/pages\/27318","targetHints":{"allow":["GET"]}}],"collection":[{"href":"https:\/\/www.huellaspuertollano.es\/index.php?rest_route=\/wp\/v2\/pages"}],"about":[{"href":"https:\/\/www.huellaspuertollano.es\/index.php?rest_route=\/wp\/v2\/types\/page"}],"author":[{"embeddable":true,"href":"https:\/\/www.huellaspuertollano.es\/index.php?rest_route=\/wp\/v2\/users\/1"}],"replies":[{"embeddable":true,"href":"https:\/\/www.huellaspuertollano.es\/index.php?rest_route=%2Fwp%2Fv2%2Fcomments&post=27318"}],"version-history":[{"count":11,"href":"https:\/\/www.huellaspuertollano.es\/index.php?rest_route=\/wp\/v2\/pages\/27318\/revisions"}],"predecessor-version":[{"id":35234,"href":"https:\/\/www.huellaspuertollano.es\/index.php?rest_route=\/wp\/v2\/pages\/27318\/revisions\/35234"}],"wp:attachment":[{"href":"https:\/\/www.huellaspuertollano.es\/index.php?rest_route=%2Fwp%2Fv2%2Fmedia&parent=27318"}],"curies":[{"name":"wp","href":"https:\/\/api.w.org\/{rel}","templated":true}]}}