{"id":16740,"date":"2015-10-12T17:19:54","date_gmt":"2015-10-12T16:19:54","guid":{"rendered":"http:\/\/www.huellaspuertollano.es\/?page_id=16740"},"modified":"2019-12-29T19:31:27","modified_gmt":"2019-12-29T18:31:27","slug":"como-llegar-desde-andalucia","status":"publish","type":"page","link":"https:\/\/www.huellaspuertollano.es\/?page_id=16740","title":{"rendered":"C\u00f3mo llegar desde Andaluc\u00eda"},"content":{"rendered":"<p>Nuestro albergue est\u00e1 situado en un emplazamiento dif\u00edcil de encontrar, si no se cuenta con unas instrucciones detalladas como las que se muestran a continuaci\u00f3n<\/p>\n<p>1. Viajando por la carretera N-420 Km 158, se llega a una rotonda pr\u00f3xima a Puertollano<\/p>\n<p>2. Tomar la segunda salida CR-P-5053 EL VILLAR (la primera salida es al parque \u2018El Terri\u2019)<\/p>\n<p><img loading=\"lazy\" decoding=\"async\" class=\"aligncenter size-full wp-image-16732\" src=\"https:\/\/www.huellaspuertollano.es\/wp-content\/uploads\/2015\/10\/Captura-de-pantalla-2015-10-12-a-las-18.05.17.png\" alt=\"Captura de pantalla 2015-10-12 a la(s) 18.05.17\" width=\"641\" height=\"320\" srcset=\"https:\/\/www.huellaspuertollano.es\/wp-content\/uploads\/2015\/10\/Captura-de-pantalla-2015-10-12-a-las-18.05.17.png 641w, https:\/\/www.huellaspuertollano.es\/wp-content\/uploads\/2015\/10\/Captura-de-pantalla-2015-10-12-a-las-18.05.17-300x149.png 300w\" sizes=\"auto, (max-width: 641px) 100vw, 641px\" \/><\/p>\n<p>3. Despu\u00e9s de 600m aprox., se llega a la segunda rotonda. Tomar la 2\u00aa salida CRP-5032 EL VILLAR<\/p>\n<p><img loading=\"lazy\" decoding=\"async\" class=\"aligncenter size-full wp-image-16736\" src=\"https:\/\/www.huellaspuertollano.es\/wp-content\/uploads\/2015\/10\/Captura-de-pantalla-2015-10-12-a-las-18.05.27.png\" alt=\"Captura de pantalla 2015-10-12 a la(s) 18.05.27\" width=\"640\" height=\"279\" srcset=\"https:\/\/www.huellaspuertollano.es\/wp-content\/uploads\/2015\/10\/Captura-de-pantalla-2015-10-12-a-las-18.05.27.png 640w, https:\/\/www.huellaspuertollano.es\/wp-content\/uploads\/2015\/10\/Captura-de-pantalla-2015-10-12-a-las-18.05.27-300x130.png 300w\" sizes=\"auto, (max-width: 640px) 100vw, 640px\" \/><\/p>\n<p>4. 1 Km m\u00e1s adelante, se llega a la tercera rotonda. Tomar la primera salida CR-P-5031 EL VILLAR<\/p>\n<p><img loading=\"lazy\" decoding=\"async\" class=\"aligncenter size-full wp-image-16735\" src=\"https:\/\/www.huellaspuertollano.es\/wp-content\/uploads\/2015\/10\/Captura-de-pantalla-2015-10-12-a-las-18.05.35.png\" alt=\"Captura de pantalla 2015-10-12 a la(s) 18.05.35\" width=\"648\" height=\"240\" srcset=\"https:\/\/www.huellaspuertollano.es\/wp-content\/uploads\/2015\/10\/Captura-de-pantalla-2015-10-12-a-las-18.05.35.png 648w, https:\/\/www.huellaspuertollano.es\/wp-content\/uploads\/2015\/10\/Captura-de-pantalla-2015-10-12-a-las-18.05.35-300x111.png 300w\" sizes=\"auto, (max-width: 648px) 100vw, 648px\" \/><\/p>\n<p>5. Tras 1.5 Km., se pasa un peque\u00f1o puente\u00a0; en este punto, reducir la velocidad porque la salida est\u00e1 cerca!<\/p>\n<p><img loading=\"lazy\" decoding=\"async\" class=\"aligncenter size-full wp-image-16734\" src=\"https:\/\/www.huellaspuertollano.es\/wp-content\/uploads\/2015\/10\/Captura-de-pantalla-2015-10-12-a-las-18.05.42.png\" alt=\"Captura de pantalla 2015-10-12 a la(s) 18.05.42\" width=\"643\" height=\"292\" srcset=\"https:\/\/www.huellaspuertollano.es\/wp-content\/uploads\/2015\/10\/Captura-de-pantalla-2015-10-12-a-las-18.05.42.png 643w, https:\/\/www.huellaspuertollano.es\/wp-content\/uploads\/2015\/10\/Captura-de-pantalla-2015-10-12-a-las-18.05.42-300x136.png 300w\" sizes=\"auto, (max-width: 643px) 100vw, 643px\" \/><\/p>\n<p>6. Al pasar el peque\u00f1o puente, tomar la primera desviaci\u00f3n a la derecha \u00ab\u00a0Centro de acogida de animales abandonados\u00a0\u00bb<\/p>\n<p><img loading=\"lazy\" decoding=\"async\" class=\"aligncenter size-full wp-image-16733\" src=\"https:\/\/www.huellaspuertollano.es\/wp-content\/uploads\/2015\/10\/Captura-de-pantalla-2015-10-12-a-las-18.05.50.png\" alt=\"Captura de pantalla 2015-10-12 a la(s) 18.05.50\" width=\"634\" height=\"341\" srcset=\"https:\/\/www.huellaspuertollano.es\/wp-content\/uploads\/2015\/10\/Captura-de-pantalla-2015-10-12-a-las-18.05.50.png 634w, https:\/\/www.huellaspuertollano.es\/wp-content\/uploads\/2015\/10\/Captura-de-pantalla-2015-10-12-a-las-18.05.50-300x161.png 300w\" sizes=\"auto, (max-width: 634px) 100vw, 634px\" \/><\/p>\n","protected":false},"excerpt":{"rendered":"<p>Nuestro albergue est\u00e1 situado en un emplazamiento dif\u00edcil de encontrar, si no se cuenta con unas instrucciones detalladas como las que se muestran a continuaci\u00f3n 1. Viajando por la carretera N-420 Km 158, se llega a una rotonda pr\u00f3xima a&#8230;<br \/><a class=\"read-more-button\" href=\"https:\/\/www.huellaspuertollano.es\/?page_id=16740\">Leer m\u00e1s<\/a><\/p>\n","protected":false},"author":1,"featured_media":0,"parent":0,"menu_order":0,"comment_status":"closed","ping_status":"closed","template":"","meta":{"footnotes":""},"class_list":["post-16740","page","type-page","status-publish","hentry"],"_links":{"self":[{"href":"https:\/\/www.huellaspuertollano.es\/index.php?rest_route=\/wp\/v2\/pages\/16740","targetHints":{"allow":["GET"]}}],"collection":[{"href":"https:\/\/www.huellaspuertollano.es\/index.php?rest_route=\/wp\/v2\/pages"}],"about":[{"href":"https:\/\/www.huellaspuertollano.es\/index.php?rest_route=\/wp\/v2\/types\/page"}],"author":[{"embeddable":true,"href":"https:\/\/www.huellaspuertollano.es\/index.php?rest_route=\/wp\/v2\/users\/1"}],"replies":[{"embeddable":true,"href":"https:\/\/www.huellaspuertollano.es\/index.php?rest_route=%2Fwp%2Fv2%2Fcomments&post=16740"}],"version-history":[{"count":2,"href":"https:\/\/www.huellaspuertollano.es\/index.php?rest_route=\/wp\/v2\/pages\/16740\/revisions"}],"predecessor-version":[{"id":35238,"href":"https:\/\/www.huellaspuertollano.es\/index.php?rest_route=\/wp\/v2\/pages\/16740\/revisions\/35238"}],"wp:attachment":[{"href":"https:\/\/www.huellaspuertollano.es\/index.php?rest_route=%2Fwp%2Fv2%2Fmedia&parent=16740"}],"curies":[{"name":"wp","href":"https:\/\/api.w.org\/{rel}","templated":true}]}}