{"id":143,"date":"2012-03-13T22:05:48","date_gmt":"2012-03-13T22:05:48","guid":{"rendered":"http:\/\/www.huellaspuertollano.es\/?page_id=143"},"modified":"2022-09-18T12:16:33","modified_gmt":"2022-09-18T11:16:33","slug":"apadrina-un-perro","status":"publish","type":"page","link":"https:\/\/www.huellaspuertollano.es\/?page_id=143","title":{"rendered":"Apadrina una Mascota&#8230;"},"content":{"rendered":"<p style=\"text-align: left;\">Los costes que hemos estimado para cubrir solamente la manutenci\u00f3n de un perro en nuestro albergue (comida) supone unos 20 euros m\u00ednimo, para un tama\u00f1o peque\u00f1o; imaginad para animales de mayor tama\u00f1o&#8230;<\/p>\n<p style=\"text-align: left;\">Adem\u00e1s, hay que costear medicamentos, vacunas, desparasitaci\u00f3n, etc. Hemos puesto un m\u00ednimo de 15\u20ac mensuales para apadrinar una mascota, porque somos conscientes de la situaci\u00f3n econ\u00f3mica actual para todos.Por supuesto, puedes aportar la cantidad que quieras siempre que sea superior, claro&#8230;<\/p>\n<p style=\"text-align: left;\">Rellena todos los campos del formulario. Antes, revisa por favor nuestras <a title=\"Garant\u00edas de Seguridad y Confidencialidad\" href=\"https:\/\/www.huellaspuertollano.es\/?page_id=124\" target=\"_blank\" rel=\"noopener noreferrer\">Garant\u00edas de Seguridad y Confidencialidad<\/a><\/p>\n<div role=\"form\" class=\"wpcf7\" id=\"wpcf7-f147-o1\" lang=\"en-US\" dir=\"ltr\">\n<div class=\"screen-reader-response\"><\/div>\n<form action=\"\/index.php?rest_route=%2Fwp%2Fv2%2Fpages%2F143#wpcf7-f147-o1\" method=\"post\" class=\"wpcf7-form\" novalidate=\"novalidate\">\n<div style=\"display: none;\">\n<input type=\"hidden\" name=\"_wpcf7\" value=\"147\" \/>\n<input type=\"hidden\" name=\"_wpcf7_version\" value=\"5.1.7\" \/>\n<input type=\"hidden\" name=\"_wpcf7_locale\" value=\"en_US\" \/>\n<input type=\"hidden\" name=\"_wpcf7_unit_tag\" value=\"wpcf7-f147-o1\" \/>\n<input type=\"hidden\" name=\"_wpcf7_container_post\" value=\"0\" \/>\n<\/div>\n<table>\n<tr>\n<td>Nombre y Apellidos<\/td>\n<td><span class=\"wpcf7-form-control-wrap your-name\"><input type=\"text\" name=\"your-name\" value=\"\" size=\"40\" class=\"wpcf7-form-control wpcf7-text wpcf7-validates-as-required\" aria-required=\"true\" aria-invalid=\"false\" \/><\/span><\/td>\n<\/tr>\n<tr>\n<td>DNI <\/td>\n<td><span class=\"wpcf7-form-control-wrap dni\"><input type=\"text\" name=\"dni\" value=\"\" size=\"40\" maxlength=\"9\" class=\"wpcf7-form-control wpcf7-text wpcf7-validates-as-required\" aria-required=\"true\" aria-invalid=\"false\" \/><\/span> <\/td>\n<\/tr>\n<tr>\n<td>Fecha de nacimiento<\/td>\n<td><span class=\"wpcf7-form-control-wrap text-15\"><input type=\"text\" name=\"text-15\" value=\"\" size=\"40\" class=\"wpcf7-form-control wpcf7-text wpcf7-validates-as-required\" aria-required=\"true\" aria-invalid=\"false\" \/><\/span><\/td>\n<\/tr>\n<tr>\n<td> Domicilio <\/td>\n<td> <span class=\"wpcf7-form-control-wrap textarea-406\"><textarea name=\"textarea-406\" cols=\"35\" rows=\"4\" class=\"wpcf7-form-control wpcf7-textarea wpcf7-validates-as-required\" aria-required=\"true\" aria-invalid=\"false\"><\/textarea><\/span><\/td>\n<\/tr>\n<tr>\n<td> Poblaci\u00f3n <\/td>\n<td> <span class=\"wpcf7-form-control-wrap text-339\"><input type=\"text\" name=\"text-339\" value=\"\" size=\"40\" class=\"wpcf7-form-control wpcf7-text wpcf7-validates-as-required\" aria-required=\"true\" aria-invalid=\"false\" \/><\/span><\/td>\n<\/tr>\n<tr>\n<td> C\u00f3digo Postal <\/td>\n<td> <span class=\"wpcf7-form-control-wrap text-577\"><input type=\"text\" name=\"text-577\" value=\"\" size=\"40\" maxlength=\"5\" class=\"wpcf7-form-control wpcf7-text wpcf7-validates-as-required\" aria-required=\"true\" aria-invalid=\"false\" \/><\/span><\/td>\n<\/tr>\n<tr>\n<td> Provincia <\/td>\n<td> <span class=\"wpcf7-form-control-wrap text-475\"><input type=\"text\" name=\"text-475\" value=\"\" size=\"40\" class=\"wpcf7-form-control wpcf7-text wpcf7-validates-as-required\" aria-required=\"true\" aria-invalid=\"false\" \/><\/span><\/td>\n<\/tr>\n<tr>\n<td>Correo electr\u00f3nico<\/td>\n<td><span class=\"wpcf7-form-control-wrap your-email\"><input type=\"email\" name=\"your-email\" value=\"\" size=\"40\" class=\"wpcf7-form-control wpcf7-text wpcf7-email wpcf7-validates-as-required wpcf7-validates-as-email\" aria-required=\"true\" aria-invalid=\"false\" \/><\/span> <\/td>\n<\/tr>\n<tr>\n<td>Tel\u00e9fono<\/td>\n<td><span class=\"wpcf7-form-control-wrap text-390\"><input type=\"text\" name=\"text-390\" value=\"\" size=\"40\" maxlength=\"9\" class=\"wpcf7-form-control wpcf7-text wpcf7-validates-as-required\" aria-required=\"true\" aria-invalid=\"false\" \/><\/span><\/td>\n<\/tr>\n<tr>\n<td>Animal apadrinado<\/td>\n<td><span class=\"wpcf7-form-control-wrap text-969\"><input type=\"text\" name=\"text-969\" value=\"\" size=\"40\" class=\"wpcf7-form-control wpcf7-text wpcf7-validates-as-required\" aria-required=\"true\" aria-invalid=\"false\" \/><\/span><\/td>\n<\/tr>\n<tr>\n<td>Tipo<\/td>\n<td><span class=\"wpcf7-form-control-wrap radio-33\"><span class=\"wpcf7-form-control wpcf7-radio\"><span class=\"wpcf7-list-item first\"><input type=\"radio\" name=\"radio-33\" value=\"perro\" \/><span class=\"wpcf7-list-item-label\">perro<\/span><\/span><span class=\"wpcf7-list-item last\"><input type=\"radio\" name=\"radio-33\" value=\"gato\" \/><span class=\"wpcf7-list-item-label\">gato<\/span><\/span><\/span><\/span><\/td>\n<\/tr>\n<tr>\n<td>N\u00famero de cuenta (IBAN) <\/td>\n<td>ES<span class=\"wpcf7-form-control-wrap tel-373\"><input type=\"tel\" name=\"tel-373\" value=\"00\" size=\"2\" maxlength=\"2\" class=\"wpcf7-form-control wpcf7-text wpcf7-tel wpcf7-validates-as-required wpcf7-validates-as-tel\" aria-required=\"true\" aria-invalid=\"false\" \/><\/span> <span class=\"wpcf7-form-control-wrap tel-839\"><input type=\"tel\" name=\"tel-839\" value=\"0000\" size=\"4\" maxlength=\"4\" class=\"wpcf7-form-control wpcf7-text wpcf7-tel wpcf7-validates-as-required wpcf7-validates-as-tel\" aria-required=\"true\" aria-invalid=\"false\" \/><\/span> <span class=\"wpcf7-form-control-wrap tel-270\"><input type=\"tel\" name=\"tel-270\" value=\"0000\" size=\"4\" maxlength=\"4\" class=\"wpcf7-form-control wpcf7-text wpcf7-tel wpcf7-validates-as-required wpcf7-validates-as-tel\" aria-required=\"true\" aria-invalid=\"false\" \/><\/span> <span class=\"wpcf7-form-control-wrap tel-253\"><input type=\"tel\" name=\"tel-253\" value=\"0000\" size=\"4\" maxlength=\"4\" class=\"wpcf7-form-control wpcf7-text wpcf7-tel wpcf7-validates-as-required wpcf7-validates-as-tel\" aria-required=\"true\" aria-invalid=\"false\" \/><\/span> <span class=\"wpcf7-form-control-wrap tel-441\"><input type=\"tel\" name=\"tel-441\" value=\"0000\" size=\"4\" maxlength=\"4\" class=\"wpcf7-form-control wpcf7-text wpcf7-tel wpcf7-validates-as-required wpcf7-validates-as-tel\" aria-required=\"true\" aria-invalid=\"false\" \/><\/span> <span class=\"wpcf7-form-control-wrap tel-285\"><input type=\"tel\" name=\"tel-285\" value=\"0000\" size=\"4\" maxlength=\"4\" class=\"wpcf7-form-control wpcf7-text wpcf7-tel wpcf7-validates-as-required wpcf7-validates-as-tel\" aria-required=\"true\" aria-invalid=\"false\" \/><\/span><\/td>\n<\/tr>\n<tr>\n<td>Aportaci\u00f3n mensual<\/td>\n<td><span class=\"wpcf7-form-control-wrap radio-467\"><span class=\"wpcf7-form-control wpcf7-radio\"><span class=\"wpcf7-list-item first\"><input type=\"radio\" name=\"radio-467\" value=\"15 euros\" \/><span class=\"wpcf7-list-item-label\">15 euros<\/span><\/span><span class=\"wpcf7-list-item\"><input type=\"radio\" name=\"radio-467\" value=\"20 euros\" \/><span class=\"wpcf7-list-item-label\">20 euros<\/span><\/span><span class=\"wpcf7-list-item\"><input type=\"radio\" name=\"radio-467\" value=\"25 euros\" \/><span class=\"wpcf7-list-item-label\">25 euros<\/span><\/span><span class=\"wpcf7-list-item\"><input type=\"radio\" name=\"radio-467\" value=\"30 euros\" \/><span class=\"wpcf7-list-item-label\">30 euros<\/span><\/span><span class=\"wpcf7-list-item\"><input type=\"radio\" name=\"radio-467\" value=\"40 euros\" \/><span class=\"wpcf7-list-item-label\">40 euros<\/span><\/span><span class=\"wpcf7-list-item last\"><input type=\"radio\" name=\"radio-467\" value=\"50 euros\" \/><span class=\"wpcf7-list-item-label\">50 euros<\/span><\/span><\/span><\/span><\/td>\n<\/tr>\n<tr>\n<td>Teclea el texto<\/td>\n<td><input type=\"hidden\" name=\"_wpcf7_captcha_challenge_captcha-47\" value=\"112375462\" \/><img loading=\"lazy\" decoding=\"async\" class=\"wpcf7-form-control wpcf7-captchac wpcf7-captcha-captcha-47\" width=\"60\" height=\"20\" alt=\"captcha\" src=\"https:\/\/www.huellaspuertollano.es\/wp-content\/uploads\/wpcf7_captcha\/112375462.png\" \/><span class=\"wpcf7-form-control-wrap captcha-47\"><input type=\"text\" name=\"captcha-47\" value=\"\" size=\"4\" maxlength=\"4\" class=\"wpcf7-form-control wpcf7-captchar\" autocomplete=\"off\" aria-invalid=\"false\" \/><\/span><\/td>\n<\/tr>\n<\/table>\n<p><span class=\"wpcf7-form-control-wrap acceptance-664\"><span class=\"wpcf7-form-control wpcf7-acceptance\"><span class=\"wpcf7-list-item\"><input type=\"checkbox\" name=\"acceptance-664\" value=\"1\" aria-invalid=\"false\" \/><\/span><\/span><\/span> Declaro ser mayor de edad y titular de la cuenta corriente; autorizo a HUELLAS Puertollano (Vel\u00e1zquez 2, 13500 Puertollano - C.Real CIF G-13521653) a realizar un cargo mensual de la cantidad seleccionada. <\/p>\n<p><center><input type=\"submit\" value=\"Enviar\" class=\"wpcf7-form-control wpcf7-submit\" \/><\/center><\/p>\n<p style=\"display: none !important;\" class=\"akismet-fields-container\" data-prefix=\"_wpcf7_ak_\"><label>&#916;<textarea name=\"_wpcf7_ak_hp_textarea\" cols=\"45\" rows=\"8\" maxlength=\"100\"><\/textarea><\/label><input type=\"hidden\" id=\"ak_js_1\" name=\"_wpcf7_ak_js\" value=\"234\"\/><script>document.getElementById( \"ak_js_1\" ).setAttribute( \"value\", ( new Date() ).getTime() );<\/script><\/p><div class=\"wpcf7-response-output wpcf7-display-none\"><\/div><\/form><\/div>\n","protected":false},"excerpt":{"rendered":"<p>Los costes que hemos estimado para cubrir solamente la manutenci\u00f3n de un perro en nuestro albergue (comida) supone unos 20 euros m\u00ednimo, para un tama\u00f1o peque\u00f1o; imaginad para animales de mayor tama\u00f1o&#8230; Adem\u00e1s, hay que costear medicamentos, vacunas, desparasitaci\u00f3n, etc&#8230;.<br \/><a class=\"read-more-button\" href=\"https:\/\/www.huellaspuertollano.es\/?page_id=143\">Leer m\u00e1s<\/a><\/p>\n","protected":false},"author":1,"featured_media":0,"parent":0,"menu_order":0,"comment_status":"closed","ping_status":"closed","template":"","meta":{"footnotes":""},"class_list":["post-143","page","type-page","status-publish","hentry"],"_links":{"self":[{"href":"https:\/\/www.huellaspuertollano.es\/index.php?rest_route=\/wp\/v2\/pages\/143","targetHints":{"allow":["GET"]}}],"collection":[{"href":"https:\/\/www.huellaspuertollano.es\/index.php?rest_route=\/wp\/v2\/pages"}],"about":[{"href":"https:\/\/www.huellaspuertollano.es\/index.php?rest_route=\/wp\/v2\/types\/page"}],"author":[{"embeddable":true,"href":"https:\/\/www.huellaspuertollano.es\/index.php?rest_route=\/wp\/v2\/users\/1"}],"replies":[{"embeddable":true,"href":"https:\/\/www.huellaspuertollano.es\/index.php?rest_route=%2Fwp%2Fv2%2Fcomments&post=143"}],"version-history":[{"count":19,"href":"https:\/\/www.huellaspuertollano.es\/index.php?rest_route=\/wp\/v2\/pages\/143\/revisions"}],"predecessor-version":[{"id":50186,"href":"https:\/\/www.huellaspuertollano.es\/index.php?rest_route=\/wp\/v2\/pages\/143\/revisions\/50186"}],"wp:attachment":[{"href":"https:\/\/www.huellaspuertollano.es\/index.php?rest_route=%2Fwp%2Fv2%2Fmedia&parent=143"}],"curies":[{"name":"wp","href":"https:\/\/api.w.org\/{rel}","templated":true}]}}