{"id":124,"date":"2012-03-11T21:21:22","date_gmt":"2012-03-11T21:21:22","guid":{"rendered":"http:\/\/www.huellaspuertollano.es\/?page_id=124"},"modified":"2012-03-11T21:54:30","modified_gmt":"2012-03-11T21:54:30","slug":"garantias-de-seguridad-y-confidencialidad","status":"publish","type":"page","link":"https:\/\/www.huellaspuertollano.es\/?page_id=124","title":{"rendered":"Garant\u00edas de Seguridad y Confidencialidad"},"content":{"rendered":"<div><span style=\"font-family: Arial,Helvetica,sans-serif;\"><strong>HUELLAS Puertollano<\/strong> asegura la confidencialidad de los datos aportados por nuestros socios, y garantiza que en ning\u00fan caso ser\u00e1 cedida a terceras personas. Sus datos personales, e-mail, direcci\u00f3n postal\u00a0y los relativos a sus\u00a0formas de pago, son incorporados a nuestra base de datos y s\u00f3lo ser\u00e1n utilizados por <span style=\"font-size: x-small;\"><strong>HUELLAS Puertollano<\/strong><\/span> para identificarle, tramitar sus cuotas\u00a0<span>y remitirte nuestros boletines cuatrimestrales e informaci\u00f3n sobre las actividades de nuestra asociaci\u00f3n.<\/span><\/span><\/div>\n<div>\n<p><span style=\"font-family: Arial,Helvetica,sans-serif;\">En ning\u00fan momento <\/span><span style=\"font-size: x-small;\"><span style=\"font-family: Arial,Helvetica,sans-serif;\"><strong>HUELLAS Puertollano<\/strong><\/span><\/span><span style=\"font-family: Arial,Helvetica,sans-serif;\"> utilizar\u00e1 esa informaci\u00f3n con fines comerciales o promocionales.<\/span><\/p>\n<p><span style=\"font-family: Arial,Helvetica,sans-serif;\">En cumplimento de la Ley Org\u00e1nica de Protecci\u00f3n de Datos de Car\u00e1cter Personal n\u00ba 15\/1.1999, del 13 de diciembre de 1999, el socio\u00a0podr\u00e1 en cualquier momento ejercitar los derechos de acceso, rectificaci\u00f3n y cancelaci\u00f3n de sus datos. En este caso, deber\u00e1 contactar con <\/span><span style=\"font-size: x-small;\"><span style=\"font-size: x-small;\"><span style=\"font-size: x-small;\"><span style=\"font-family: Arial,Helvetica,sans-serif;\"><strong>HUELLAS Puertollano<\/strong><\/span><\/span><\/span><\/span><span style=\"font-family: Arial,Helvetica,sans-serif;\"> por e-mail a huellas.puertollano@gmail.com<br style=\"font-family: Arial,Helvetica,sans-serif;\" \/><\/span><\/p>\n<\/div>\n","protected":false},"excerpt":{"rendered":"<p>HUELLAS Puertollano asegura la confidencialidad de los datos aportados por nuestros socios, y garantiza que en ning\u00fan caso ser\u00e1 cedida a terceras personas. Sus datos personales, e-mail, direcci\u00f3n postal\u00a0y los relativos a sus\u00a0formas de pago, son incorporados a nuestra base&#8230;<br \/><a class=\"read-more-button\" href=\"https:\/\/www.huellaspuertollano.es\/?page_id=124\">Leer m\u00e1s<\/a><\/p>\n","protected":false},"author":1,"featured_media":0,"parent":0,"menu_order":0,"comment_status":"closed","ping_status":"closed","template":"","meta":{"footnotes":""},"class_list":["post-124","page","type-page","status-publish","hentry"],"_links":{"self":[{"href":"https:\/\/www.huellaspuertollano.es\/index.php?rest_route=\/wp\/v2\/pages\/124","targetHints":{"allow":["GET"]}}],"collection":[{"href":"https:\/\/www.huellaspuertollano.es\/index.php?rest_route=\/wp\/v2\/pages"}],"about":[{"href":"https:\/\/www.huellaspuertollano.es\/index.php?rest_route=\/wp\/v2\/types\/page"}],"author":[{"embeddable":true,"href":"https:\/\/www.huellaspuertollano.es\/index.php?rest_route=\/wp\/v2\/users\/1"}],"replies":[{"embeddable":true,"href":"https:\/\/www.huellaspuertollano.es\/index.php?rest_route=%2Fwp%2Fv2%2Fcomments&post=124"}],"version-history":[{"count":5,"href":"https:\/\/www.huellaspuertollano.es\/index.php?rest_route=\/wp\/v2\/pages\/124\/revisions"}],"predecessor-version":[{"id":136,"href":"https:\/\/www.huellaspuertollano.es\/index.php?rest_route=\/wp\/v2\/pages\/124\/revisions\/136"}],"wp:attachment":[{"href":"https:\/\/www.huellaspuertollano.es\/index.php?rest_route=%2Fwp%2Fv2%2Fmedia&parent=124"}],"curies":[{"name":"wp","href":"https:\/\/api.w.org\/{rel}","templated":true}]}}