{"id":113,"date":"2012-03-11T21:11:22","date_gmt":"2012-03-11T21:11:22","guid":{"rendered":"http:\/\/www.huellaspuertollano.es\/?page_id=113"},"modified":"2019-12-29T19:36:18","modified_gmt":"2019-12-29T18:36:18","slug":"hazte-socio-de-huellas","status":"publish","type":"page","link":"https:\/\/www.huellaspuertollano.es\/?page_id=113","title":{"rendered":"Para ser Socio de HUELLAS&#8230;"},"content":{"rendered":"<p>Gracias por ayudarnos con tu aportaci\u00f3n.Los Socios tienen derecho de voto en las Juntas de la Protectora, a las cuales ser\u00e1s convocado cada vez que se celebren \u00a1podr\u00e1s participar en nuestras decisiones!<\/p>\n<p>Somos una asociaci\u00f3n sin \u00e1nimo de lucro, y absolutamente todo el dinero que generosamente recibimos de las aportaciones y donaciones de los socios, lo destinaremos exclusivamente a la consecuci\u00f3n de esta causa<\/p>\n<p>Rellena todos los campos del formulario. Antes, revisa por favor nuestras <a title=\"Garant\u00edas de Seguridad y Confidencialidad\" href=\"https:\/\/www.huellaspuertollano.es\/?page_id=124\" target=\"_blank\" rel=\"noopener noreferrer\">Garant\u00edas de Seguridad y Confidencialidad<\/a><\/p>\n<div role=\"form\" class=\"wpcf7\" id=\"wpcf7-f114-o1\" lang=\"en-US\" dir=\"ltr\">\n<div class=\"screen-reader-response\"><\/div>\n<form action=\"\/index.php?rest_route=%2Fwp%2Fv2%2Fpages%2F113#wpcf7-f114-o1\" method=\"post\" class=\"wpcf7-form\" novalidate=\"novalidate\">\n<div style=\"display: none;\">\n<input type=\"hidden\" name=\"_wpcf7\" value=\"114\" \/>\n<input type=\"hidden\" name=\"_wpcf7_version\" value=\"5.1.7\" \/>\n<input type=\"hidden\" name=\"_wpcf7_locale\" value=\"en_US\" \/>\n<input type=\"hidden\" name=\"_wpcf7_unit_tag\" value=\"wpcf7-f114-o1\" \/>\n<input type=\"hidden\" name=\"_wpcf7_container_post\" value=\"0\" \/>\n<\/div>\n<table>\n<tr>\n<td>Nombre y Apellidos<\/td>\n<td><span class=\"wpcf7-form-control-wrap your-name\"><input type=\"text\" name=\"your-name\" value=\"\" size=\"40\" class=\"wpcf7-form-control wpcf7-text wpcf7-validates-as-required\" aria-required=\"true\" aria-invalid=\"false\" \/><\/span><\/td>\n<\/tr>\n<tr>\n<td>DNI <\/td>\n<td><span class=\"wpcf7-form-control-wrap dni\"><input type=\"text\" name=\"dni\" value=\"\" size=\"40\" maxlength=\"9\" class=\"wpcf7-form-control wpcf7-text wpcf7-validates-as-required\" aria-required=\"true\" aria-invalid=\"false\" \/><\/span> <\/td>\n<\/tr>\n<tr>\n<td>Fecha de nacimiento<\/td>\n<td><span class=\"wpcf7-form-control-wrap text-15\"><input type=\"text\" name=\"text-15\" value=\"\" size=\"40\" class=\"wpcf7-form-control wpcf7-text wpcf7-validates-as-required\" aria-required=\"true\" aria-invalid=\"false\" \/><\/span><\/td>\n<\/tr>\n<tr>\n<td> Domicilio <\/td>\n<td> <span class=\"wpcf7-form-control-wrap textarea-406\"><textarea name=\"textarea-406\" cols=\"35\" rows=\"4\" class=\"wpcf7-form-control wpcf7-textarea wpcf7-validates-as-required\" aria-required=\"true\" aria-invalid=\"false\"><\/textarea><\/span><\/td>\n<\/tr>\n<tr>\n<td> Poblaci\u00f3n <\/td>\n<td> <span class=\"wpcf7-form-control-wrap text-339\"><input type=\"text\" name=\"text-339\" value=\"\" size=\"40\" class=\"wpcf7-form-control wpcf7-text wpcf7-validates-as-required\" aria-required=\"true\" aria-invalid=\"false\" \/><\/span><\/td>\n<\/tr>\n<tr>\n<td> C\u00f3digo Postal <\/td>\n<td> <span class=\"wpcf7-form-control-wrap text-577\"><input type=\"text\" name=\"text-577\" value=\"\" size=\"40\" maxlength=\"5\" class=\"wpcf7-form-control wpcf7-text wpcf7-validates-as-required\" aria-required=\"true\" aria-invalid=\"false\" \/><\/span><\/td>\n<\/tr>\n<tr>\n<td> Provincia <\/td>\n<td> <span class=\"wpcf7-form-control-wrap text-475\"><input type=\"text\" name=\"text-475\" value=\"\" size=\"40\" class=\"wpcf7-form-control wpcf7-text wpcf7-validates-as-required\" aria-required=\"true\" aria-invalid=\"false\" \/><\/span><\/td>\n<\/tr>\n<tr>\n<td>Correo electr\u00f3nico<\/td>\n<td><span class=\"wpcf7-form-control-wrap your-email\"><input type=\"email\" name=\"your-email\" value=\"\" size=\"40\" class=\"wpcf7-form-control wpcf7-text wpcf7-email wpcf7-validates-as-required wpcf7-validates-as-email\" aria-required=\"true\" aria-invalid=\"false\" \/><\/span> <\/td>\n<\/tr>\n<tr>\n<td>Tel\u00e9fono<\/td>\n<td><span class=\"wpcf7-form-control-wrap text-982\"><input type=\"text\" name=\"text-982\" value=\"\" size=\"40\" maxlength=\"9\" class=\"wpcf7-form-control wpcf7-text\" aria-invalid=\"false\" \/><\/span><\/td>\n<\/tr>\n<tr>\n<td>N\u00famero de cuenta (IBAN)<\/td>\n<td>ES<span class=\"wpcf7-form-control-wrap tel-373\"><input type=\"tel\" name=\"tel-373\" value=\"00\" size=\"2\" maxlength=\"2\" class=\"wpcf7-form-control wpcf7-text wpcf7-tel wpcf7-validates-as-required wpcf7-validates-as-tel\" aria-required=\"true\" aria-invalid=\"false\" \/><\/span> <span class=\"wpcf7-form-control-wrap tel-839\"><input type=\"tel\" name=\"tel-839\" value=\"0000\" size=\"4\" maxlength=\"4\" class=\"wpcf7-form-control wpcf7-text wpcf7-tel wpcf7-validates-as-required wpcf7-validates-as-tel\" aria-required=\"true\" aria-invalid=\"false\" \/><\/span> <span class=\"wpcf7-form-control-wrap tel-270\"><input type=\"tel\" name=\"tel-270\" value=\"0000\" size=\"4\" maxlength=\"4\" class=\"wpcf7-form-control wpcf7-text wpcf7-tel wpcf7-validates-as-required wpcf7-validates-as-tel\" aria-required=\"true\" aria-invalid=\"false\" \/><\/span> <span class=\"wpcf7-form-control-wrap tel-253\"><input type=\"tel\" name=\"tel-253\" value=\"0000\" size=\"4\" maxlength=\"4\" class=\"wpcf7-form-control wpcf7-text wpcf7-tel wpcf7-validates-as-required wpcf7-validates-as-tel\" aria-required=\"true\" aria-invalid=\"false\" \/><\/span><span class=\"wpcf7-form-control-wrap tel-688\"><input type=\"tel\" name=\"tel-688\" value=\"0000\" size=\"4\" maxlength=\"4\" class=\"wpcf7-form-control wpcf7-text wpcf7-tel wpcf7-validates-as-required wpcf7-validates-as-tel\" aria-required=\"true\" aria-invalid=\"false\" \/><\/span><span class=\"wpcf7-form-control-wrap tel-215\"><input type=\"tel\" name=\"tel-215\" value=\"0000\" size=\"4\" maxlength=\"4\" class=\"wpcf7-form-control wpcf7-text wpcf7-tel wpcf7-validates-as-required wpcf7-validates-as-tel\" aria-required=\"true\" aria-invalid=\"false\" \/><\/span><\/td>\n<\/tr>\n<tr>\n<td>Aportaci\u00f3n mensual<\/td>\n<td><span class=\"wpcf7-form-control-wrap radio-808\"><span class=\"wpcf7-form-control wpcf7-radio\"><span class=\"wpcf7-list-item first\"><input type=\"radio\" name=\"radio-808\" value=\"5 euros\" \/><span class=\"wpcf7-list-item-label\">5 euros<\/span><\/span><span class=\"wpcf7-list-item\"><input type=\"radio\" name=\"radio-808\" value=\"10 euros\" \/><span class=\"wpcf7-list-item-label\">10 euros<\/span><\/span><span class=\"wpcf7-list-item\"><input type=\"radio\" name=\"radio-808\" value=\"15 euros\" \/><span class=\"wpcf7-list-item-label\">15 euros<\/span><\/span><span class=\"wpcf7-list-item\"><input type=\"radio\" name=\"radio-808\" value=\"20 euros\" \/><span class=\"wpcf7-list-item-label\">20 euros<\/span><\/span><span class=\"wpcf7-list-item\"><input type=\"radio\" name=\"radio-808\" value=\"25 euros\" \/><span class=\"wpcf7-list-item-label\">25 euros<\/span><\/span><span class=\"wpcf7-list-item\"><input type=\"radio\" name=\"radio-808\" value=\"30 euros\" \/><span class=\"wpcf7-list-item-label\">30 euros<\/span><\/span><span class=\"wpcf7-list-item\"><input type=\"radio\" name=\"radio-808\" value=\"35 euros\" \/><span class=\"wpcf7-list-item-label\">35 euros<\/span><\/span><span class=\"wpcf7-list-item\"><input type=\"radio\" name=\"radio-808\" value=\"40 euros\" \/><span class=\"wpcf7-list-item-label\">40 euros<\/span><\/span><span class=\"wpcf7-list-item\"><input type=\"radio\" name=\"radio-808\" value=\"45 euros\" \/><span class=\"wpcf7-list-item-label\">45 euros<\/span><\/span><span class=\"wpcf7-list-item last\"><input type=\"radio\" name=\"radio-808\" value=\"50 euros\" \/><span class=\"wpcf7-list-item-label\">50 euros<\/span><\/span><\/span><\/span><\/td>\n<\/tr>\n<tr>\n<td>Teclea el texto<\/td>\n<td><input type=\"hidden\" name=\"_wpcf7_captcha_challenge_captcha-47\" value=\"3733614888\" \/><img loading=\"lazy\" decoding=\"async\" class=\"wpcf7-form-control wpcf7-captchac wpcf7-captcha-captcha-47\" width=\"60\" height=\"20\" alt=\"captcha\" src=\"https:\/\/www.huellaspuertollano.es\/wp-content\/uploads\/wpcf7_captcha\/3733614888.png\" \/><span class=\"wpcf7-form-control-wrap captcha-47\"><input type=\"text\" name=\"captcha-47\" value=\"\" size=\"4\" maxlength=\"4\" class=\"wpcf7-form-control wpcf7-captchar\" autocomplete=\"off\" aria-invalid=\"false\" \/><\/span><\/td>\n<\/tr>\n<\/table>\n<p><span class=\"wpcf7-form-control-wrap acceptance-664\"><span class=\"wpcf7-form-control wpcf7-acceptance\"><span class=\"wpcf7-list-item\"><input type=\"checkbox\" name=\"acceptance-664\" value=\"1\" aria-invalid=\"false\" \/><\/span><\/span><\/span> Declaro ser mayor de edad y titular de la cuenta corriente; autorizo a HUELLAS Puertollano (Vel\u00e1zquez 2, 13500 Puertollano - C.Real CIF G-13521653) a realizar un cargo mensual de la cantidad seleccionada. <\/p>\n<p><center><input type=\"submit\" value=\"Enviar\" class=\"wpcf7-form-control wpcf7-submit\" \/><\/center><\/p>\n<p style=\"display: none !important;\" class=\"akismet-fields-container\" data-prefix=\"_wpcf7_ak_\"><label>&#916;<textarea name=\"_wpcf7_ak_hp_textarea\" cols=\"45\" rows=\"8\" maxlength=\"100\"><\/textarea><\/label><input type=\"hidden\" id=\"ak_js_1\" name=\"_wpcf7_ak_js\" value=\"152\"\/><script>document.getElementById( \"ak_js_1\" ).setAttribute( \"value\", ( new Date() ).getTime() );<\/script><\/p><div class=\"wpcf7-response-output wpcf7-display-none\"><\/div><\/form><\/div>\n","protected":false},"excerpt":{"rendered":"<p>Gracias por ayudarnos con tu aportaci\u00f3n.Los Socios tienen derecho de voto en las Juntas de la Protectora, a las cuales ser\u00e1s convocado cada vez que se celebren \u00a1podr\u00e1s participar en nuestras decisiones! Somos una asociaci\u00f3n sin \u00e1nimo de lucro, y&#8230;<br \/><a class=\"read-more-button\" href=\"https:\/\/www.huellaspuertollano.es\/?page_id=113\">Leer m\u00e1s<\/a><\/p>\n","protected":false},"author":1,"featured_media":0,"parent":0,"menu_order":0,"comment_status":"closed","ping_status":"closed","template":"","meta":{"footnotes":""},"class_list":["post-113","page","type-page","status-publish","hentry"],"_links":{"self":[{"href":"https:\/\/www.huellaspuertollano.es\/index.php?rest_route=\/wp\/v2\/pages\/113","targetHints":{"allow":["GET"]}}],"collection":[{"href":"https:\/\/www.huellaspuertollano.es\/index.php?rest_route=\/wp\/v2\/pages"}],"about":[{"href":"https:\/\/www.huellaspuertollano.es\/index.php?rest_route=\/wp\/v2\/types\/page"}],"author":[{"embeddable":true,"href":"https:\/\/www.huellaspuertollano.es\/index.php?rest_route=\/wp\/v2\/users\/1"}],"replies":[{"embeddable":true,"href":"https:\/\/www.huellaspuertollano.es\/index.php?rest_route=%2Fwp%2Fv2%2Fcomments&post=113"}],"version-history":[{"count":16,"href":"https:\/\/www.huellaspuertollano.es\/index.php?rest_route=\/wp\/v2\/pages\/113\/revisions"}],"predecessor-version":[{"id":35243,"href":"https:\/\/www.huellaspuertollano.es\/index.php?rest_route=\/wp\/v2\/pages\/113\/revisions\/35243"}],"wp:attachment":[{"href":"https:\/\/www.huellaspuertollano.es\/index.php?rest_route=%2Fwp%2Fv2%2Fmedia&parent=113"}],"curies":[{"name":"wp","href":"https:\/\/api.w.org\/{rel}","templated":true}]}}