{"id":10511,"date":"2013-11-09T19:52:45","date_gmt":"2013-11-09T18:52:45","guid":{"rendered":"http:\/\/www.huellaspuertollano.es\/?page_id=10511"},"modified":"2019-12-29T19:33:10","modified_gmt":"2019-12-29T18:33:10","slug":"como-llegar-desde-ciudad-real","status":"publish","type":"page","link":"https:\/\/www.huellaspuertollano.es\/?page_id=10511","title":{"rendered":"C\u00f3mo llegar desde Ciudad Real"},"content":{"rendered":"<p>Nuestro albergue est\u00e1 situado en un emplazamiento dif\u00edcil de encontrar, si no se cuenta con unas instrucciones detalladas como las que se muestran a continuaci\u00f3n. Est\u00e1 llena de rotontas, hay que echarle paciencia y confiar en las indicaciones\u2026<\/p>\n<p>1. Viajando por la autov\u00eda A-41 Ciudad Real-Puertollano, tomar la salida 194 \u00ab Argamasilla de Calatrava \u00bb<\/p>\n<p>2. Se llega a una rotonda elevada; tomar la 4\u00aa salida \u00ab Complejo Petroquimico \u00bb \u00ab Poligono Cabezuelo \u00bb \u00ab N-420 Puertollano Cordoba \u00bb<\/p>\n<p style=\"text-align: center;\"><a href=\"https:\/\/www.huellaspuertollano.es\/wp-content\/uploads\/2013\/11\/Cruce1.png\"><img loading=\"lazy\" decoding=\"async\" class=\"aligncenter  wp-image-10514\" alt=\"Cruce1\" src=\"https:\/\/www.huellaspuertollano.es\/wp-content\/uploads\/2013\/11\/Cruce1.png\" width=\"537\" height=\"379\" srcset=\"https:\/\/www.huellaspuertollano.es\/wp-content\/uploads\/2013\/11\/Cruce1.png 958w, https:\/\/www.huellaspuertollano.es\/wp-content\/uploads\/2013\/11\/Cruce1-300x212.png 300w\" sizes=\"auto, (max-width: 537px) 100vw, 537px\" \/><\/a><\/p>\n<p>3. Despu\u00e9s de 600m, se llega a la segunda rotonda. Tomar la 3\u00aa salida \u00ab Villanueva de San Carlos \u00bb \u00ab complejo petroquimico \u00bb<\/p>\n<p style=\"text-align: center;\"><a href=\"https:\/\/www.huellaspuertollano.es\/wp-content\/uploads\/2013\/11\/Cruce2.png\"><img loading=\"lazy\" decoding=\"async\" class=\"aligncenter  wp-image-10513\" alt=\"Cruce2\" src=\"https:\/\/www.huellaspuertollano.es\/wp-content\/uploads\/2013\/11\/Cruce2.png\" width=\"535\" height=\"412\" srcset=\"https:\/\/www.huellaspuertollano.es\/wp-content\/uploads\/2013\/11\/Cruce2.png 955w, https:\/\/www.huellaspuertollano.es\/wp-content\/uploads\/2013\/11\/Cruce2-300x230.png 300w\" sizes=\"auto, (max-width: 535px) 100vw, 535px\" \/><\/a><\/p>\n<p>4. 5 Km m\u00e1s adelante, se lelga a la tercera rotonda. Tomar la primera salida \u00ab Puertollano &#8211; (s\u00edmbolo de centro ciudad) \u00bb<\/p>\n<p style=\"text-align: center;\"><a href=\"https:\/\/www.huellaspuertollano.es\/wp-content\/uploads\/2013\/11\/Cruce3.png\"><img loading=\"lazy\" decoding=\"async\" class=\"aligncenter  wp-image-10515\" alt=\"Cruce3\" src=\"https:\/\/www.huellaspuertollano.es\/wp-content\/uploads\/2013\/11\/Cruce3.png\" width=\"671\" height=\"232\" srcset=\"https:\/\/www.huellaspuertollano.es\/wp-content\/uploads\/2013\/11\/Cruce3.png 958w, https:\/\/www.huellaspuertollano.es\/wp-content\/uploads\/2013\/11\/Cruce3-300x103.png 300w\" sizes=\"auto, (max-width: 671px) 100vw, 671px\" \/><\/a><\/p>\n<p>5. Despu\u00e9s de 1 Km, se llega a la 4\u00aa rotonda. Tomar la 2\u00aa salida \u00ab Puertollano \u00bb<\/p>\n<p style=\"text-align: center;\"><a href=\"https:\/\/www.huellaspuertollano.es\/wp-content\/uploads\/2013\/11\/Cruce4.png\"><img loading=\"lazy\" decoding=\"async\" class=\"aligncenter  wp-image-10516\" alt=\"Cruce4\" src=\"https:\/\/www.huellaspuertollano.es\/wp-content\/uploads\/2013\/11\/Cruce4.png\" width=\"668\" height=\"251\" srcset=\"https:\/\/www.huellaspuertollano.es\/wp-content\/uploads\/2013\/11\/Cruce4.png 954w, https:\/\/www.huellaspuertollano.es\/wp-content\/uploads\/2013\/11\/Cruce4-300x112.png 300w\" sizes=\"auto, (max-width: 668px) 100vw, 668px\" \/><\/a><\/p>\n<p>6. Tras 500 m, se llega a una rotonda un poco extra\u00f1a, como \u2018alargada\u2019 ; hace falta llegar hasta el final de la misma y tomar la 2\u00aa salida \u00ab Mestanza \u00bb \u00ab Cordoba \u00bb \u00ab Puertollano \u00bb<\/p>\n<p style=\"text-align: center;\"><a href=\"https:\/\/www.huellaspuertollano.es\/wp-content\/uploads\/2013\/11\/Cruce5.png\"><img loading=\"lazy\" decoding=\"async\" class=\"aligncenter  wp-image-10518\" alt=\"Cruce5\" src=\"https:\/\/www.huellaspuertollano.es\/wp-content\/uploads\/2013\/11\/Cruce5.png\" width=\"667\" height=\"272\" srcset=\"https:\/\/www.huellaspuertollano.es\/wp-content\/uploads\/2013\/11\/Cruce5.png 953w, https:\/\/www.huellaspuertollano.es\/wp-content\/uploads\/2013\/11\/Cruce5-300x122.png 300w\" sizes=\"auto, (max-width: 667px) 100vw, 667px\" \/><\/a><\/p>\n<p style=\"text-align: center;\"><a href=\"https:\/\/www.huellaspuertollano.es\/wp-content\/uploads\/2013\/11\/Cruce6.png\"><img loading=\"lazy\" decoding=\"async\" class=\"aligncenter  wp-image-10517\" alt=\"Cruce6\" src=\"https:\/\/www.huellaspuertollano.es\/wp-content\/uploads\/2013\/11\/Cruce6.png\" width=\"666\" height=\"268\" srcset=\"https:\/\/www.huellaspuertollano.es\/wp-content\/uploads\/2013\/11\/Cruce6.png 952w, https:\/\/www.huellaspuertollano.es\/wp-content\/uploads\/2013\/11\/Cruce6-300x120.png 300w\" sizes=\"auto, (max-width: 666px) 100vw, 666px\" \/><\/a><\/p>\n<p>7. Tras 1 Km, se llega a la sexta rotonda ; tomar la 2\u00aa salida \u00ab Calzada de Cva \u00bb \u00ab Cordoba \u00bb \u00ab Elcogas \u00bb<\/p>\n<p style=\"text-align: center;\"><a href=\"https:\/\/www.huellaspuertollano.es\/wp-content\/uploads\/2013\/11\/Cruce7.png\"><img loading=\"lazy\" decoding=\"async\" class=\"aligncenter  wp-image-10519\" alt=\"Cruce7\" src=\"https:\/\/www.huellaspuertollano.es\/wp-content\/uploads\/2013\/11\/Cruce7.png\" width=\"665\" height=\"245\" srcset=\"https:\/\/www.huellaspuertollano.es\/wp-content\/uploads\/2013\/11\/Cruce7.png 950w, https:\/\/www.huellaspuertollano.es\/wp-content\/uploads\/2013\/11\/Cruce7-300x110.png 300w\" sizes=\"auto, (max-width: 665px) 100vw, 665px\" \/><\/a><\/p>\n<p>8. Tras 200 m 200 m, se lleva a la \u00faltima rotonda ; tomar la 2\u00aa salida \u00ab El Villar \u00bb \u00ab Calzada de Cva \u00bb \u00ab Elcogas \u00bb<\/p>\n<p style=\"text-align: center;\"><a href=\"https:\/\/www.huellaspuertollano.es\/wp-content\/uploads\/2013\/11\/Cruce8.png\"><img loading=\"lazy\" decoding=\"async\" class=\"aligncenter  wp-image-10520\" alt=\"Cruce8\" src=\"https:\/\/www.huellaspuertollano.es\/wp-content\/uploads\/2013\/11\/Cruce8.png\" width=\"666\" height=\"190\" srcset=\"https:\/\/www.huellaspuertollano.es\/wp-content\/uploads\/2013\/11\/Cruce8.png 951w, https:\/\/www.huellaspuertollano.es\/wp-content\/uploads\/2013\/11\/Cruce8-300x85.png 300w\" sizes=\"auto, (max-width: 666px) 100vw, 666px\" \/><\/a><\/p>\n<p>9. Tras 1.5 Km, se pasa un peqeu\u00f1o puente ; en este punto, reducir la velocidad porque la salida est\u00e1 cerca !<\/p>\n<p><a href=\"https:\/\/www.huellaspuertollano.es\/wp-content\/uploads\/2013\/11\/Cruce10.png\"><img loading=\"lazy\" decoding=\"async\" src=\"https:\/\/www.huellaspuertollano.es\/wp-content\/uploads\/2013\/11\/Cruce10.png\" alt=\"Cruce10\" width=\"814\" height=\"403\" class=\"aligncenter size-full wp-image-10512\" srcset=\"https:\/\/www.huellaspuertollano.es\/wp-content\/uploads\/2013\/11\/Cruce10.png 814w, https:\/\/www.huellaspuertollano.es\/wp-content\/uploads\/2013\/11\/Cruce10-300x148.png 300w\" sizes=\"auto, (max-width: 814px) 100vw, 814px\" \/><\/a><\/p>\n<p>10. Al pasar el peque\u00f1o puente, tomar la primera desviaci\u00f3n a la derecha \u00ab Centro de acogida de animales abandonados \u00bb<\/p>\n","protected":false},"excerpt":{"rendered":"<p>Nuestro albergue est\u00e1 situado en un emplazamiento dif\u00edcil de encontrar, si no se cuenta con unas instrucciones detalladas como las que se muestran a continuaci\u00f3n. Est\u00e1 llena de rotontas, hay que echarle paciencia y confiar en las indicaciones\u2026 1. Viajando&#8230;<br \/><a class=\"read-more-button\" href=\"https:\/\/www.huellaspuertollano.es\/?page_id=10511\">Leer m\u00e1s<\/a><\/p>\n","protected":false},"author":1,"featured_media":0,"parent":0,"menu_order":0,"comment_status":"closed","ping_status":"closed","template":"","meta":{"footnotes":""},"class_list":["post-10511","page","type-page","status-publish","hentry"],"_links":{"self":[{"href":"https:\/\/www.huellaspuertollano.es\/index.php?rest_route=\/wp\/v2\/pages\/10511","targetHints":{"allow":["GET"]}}],"collection":[{"href":"https:\/\/www.huellaspuertollano.es\/index.php?rest_route=\/wp\/v2\/pages"}],"about":[{"href":"https:\/\/www.huellaspuertollano.es\/index.php?rest_route=\/wp\/v2\/types\/page"}],"author":[{"embeddable":true,"href":"https:\/\/www.huellaspuertollano.es\/index.php?rest_route=\/wp\/v2\/users\/1"}],"replies":[{"embeddable":true,"href":"https:\/\/www.huellaspuertollano.es\/index.php?rest_route=%2Fwp%2Fv2%2Fcomments&post=10511"}],"version-history":[{"count":7,"href":"https:\/\/www.huellaspuertollano.es\/index.php?rest_route=\/wp\/v2\/pages\/10511\/revisions"}],"predecessor-version":[{"id":35239,"href":"https:\/\/www.huellaspuertollano.es\/index.php?rest_route=\/wp\/v2\/pages\/10511\/revisions\/35239"}],"wp:attachment":[{"href":"https:\/\/www.huellaspuertollano.es\/index.php?rest_route=%2Fwp%2Fv2%2Fmedia&parent=10511"}],"curies":[{"name":"wp","href":"https:\/\/api.w.org\/{rel}","templated":true}]}}